{"id":1864,"date":"2025-12-10T05:56:01","date_gmt":"2025-12-10T05:56:01","guid":{"rendered":"https:\/\/hldiamondtools.com\/farvekortvalg\/"},"modified":"2026-01-06T11:09:03","modified_gmt":"2026-01-06T11:09:03","slug":"farvekortvalg","status":"publish","type":"page","link":"https:\/\/hldiamondtools.com\/da\/farvekortvalg\/","title":{"rendered":"Farvekortvalg"},"content":{"rendered":"\t\t<div data-elementor-type=\"wp-page\" data-elementor-id=\"1864\" class=\"elementor elementor-1864 elementor-228\" data-elementor-post-type=\"page\">\n\t\t\t\t<div class=\"elementor-element elementor-element-4b95341a e-con-full e-flex e-con e-parent\" data-id=\"4b95341a\" data-element_type=\"container\">\n\t\t<div class=\"elementor-element elementor-element-dd3fc19 e-con-full e-flex e-con e-child\" data-id=\"dd3fc19\" data-element_type=\"container\" data-settings=\"{&quot;background_background&quot;:&quot;classic&quot;}\">\n\t\t\t\t<\/div>\n\t\t<div class=\"elementor-element elementor-element-265dff8f e-con-full e-flex e-con e-child\" data-id=\"265dff8f\" data-element_type=\"container\" data-settings=\"{&quot;background_background&quot;:&quot;classic&quot;}\">\n\t\t<div class=\"elementor-element elementor-element-56cf55ba e-con-full e-flex e-con e-child\" data-id=\"56cf55ba\" data-element_type=\"container\" data-settings=\"{&quot;background_background&quot;:&quot;classic&quot;}\">\n\t\t\t\t<div class=\"elementor-element elementor-element-267420e6 elementor-align-center elementor-widget elementor-widget-breadcrumbs\" data-id=\"267420e6\" data-element_type=\"widget\" data-widget_type=\"breadcrumbs.default\">\n\t\t\t\t\t<p id=\"breadcrumbs\"><span><span><a href=\"https:\/\/hldiamondtools.com\/da\/hjem\/\">Home<\/a><\/span><\/span><\/p>\t\t\t\t<\/div>\n\t\t\t\t<\/div>\n\t\t\t\t<\/div>\n\t\t\t\t<\/div>\n\t\t<div class=\"elementor-element elementor-element-89ade5c e-con-full e-flex e-con e-parent\" data-id=\"89ade5c\" data-element_type=\"container\" data-settings=\"{&quot;background_background&quot;:&quot;classic&quot;}\">\n\t\t<div class=\"elementor-element elementor-element-df7745c e-con-full e-flex e-con e-child\" data-id=\"df7745c\" data-element_type=\"container\" data-settings=\"{&quot;background_background&quot;:&quot;classic&quot;}\">\n\t\t<div class=\"elementor-element elementor-element-ddfb81d e-con-full e-flex e-con e-child\" data-id=\"ddfb81d\" data-element_type=\"container\">\n\t\t\t\t<div class=\"elementor-element elementor-element-01435df elementor-widget elementor-widget-text-editor\" data-id=\"01435df\" data-element_type=\"widget\" data-widget_type=\"text-editor.default\">\n\t\t\t\t\t\t\t\t\t<p>Vi har et bredt udvalg af farver at v\u00e6lge imellem. Den farve, du angiver,<br>er inden for dine bygr\u00e6nser, og vi leverer den eksklusivt til dig.<br>Vi registrerer farvekoden p\u00e5 din maling for at sikre, at<br>farven og kvaliteten af hver batch er den samme. <\/p>\t\t\t\t\t\t\t\t<\/div>\n\t\t\t\t<\/div>\n\t\t<div class=\"elementor-element elementor-element-8f7ee3a e-con-full e-flex e-con e-child\" data-id=\"8f7ee3a\" data-element_type=\"container\" data-settings=\"{&quot;background_background&quot;:&quot;classic&quot;}\">\n\t\t\t\t<div class=\"elementor-element elementor-element-bb74b17 elementor-widget elementor-widget-image\" data-id=\"bb74b17\" data-element_type=\"widget\" data-widget_type=\"image.default\">\n\t\t\t\t\t\t\t\t\t\t\t\t\t\t\t<img fetchpriority=\"high\" decoding=\"async\" width=\"560\" height=\"385\" src=\"https:\/\/hldiamondtools.com\/wp-content\/uploads\/2025\/12\/Color-Card-Selection.jpg\" class=\"attachment-full size-full wp-image-1866\" alt=\"\" srcset=\"https:\/\/hldiamondtools.com\/wp-content\/uploads\/2025\/12\/Color-Card-Selection.jpg 560w, https:\/\/hldiamondtools.com\/wp-content\/uploads\/2025\/12\/Color-Card-Selection-300x206.jpg 300w\" sizes=\"(max-width: 560px) 100vw, 560px\" \/>\t\t\t\t\t\t\t\t\t\t\t\t\t\t\t<\/div>\n\t\t\t\t<\/div>\n\t\t\t\t<\/div>\n\t\t\t\t<\/div>\n\t\t\t\t<\/div>\n\t\t","protected":false},"excerpt":{"rendered":"<p>Vi har et bredt udvalg af farver at v\u00e6lge imellem. Den farve, du angiver,er inden for dine bygr\u00e6nser, og vi leverer den eksklusivt til dig.Vi registrerer farvekoden p\u00e5 din maling for at sikre, atfarven og kvaliteten af hver batch er den samme.<\/p>\n","protected":false},"author":1,"featured_media":0,"parent":0,"menu_order":0,"comment_status":"closed","ping_status":"closed","template":"","meta":{"site-sidebar-layout":"no-sidebar","site-content-layout":"","ast-site-content-layout":"full-width-container","site-content-style":"default","site-sidebar-style":"default","ast-global-header-display":"","ast-banner-title-visibility":"","ast-main-header-display":"","ast-hfb-above-header-display":"","ast-hfb-below-header-display":"","ast-hfb-mobile-header-display":"","site-post-title":"disabled","ast-breadcrumbs-content":"","ast-featured-img":"disabled","footer-sml-layout":"","theme-transparent-header-meta":"","adv-header-id-meta":"","stick-header-meta":"","header-above-stick-meta":"","header-main-stick-meta":"","header-below-stick-meta":"","astra-migrate-meta-layouts":"default","ast-page-background-enabled":"default","ast-page-background-meta":{"desktop":{"background-color":"var(--ast-global-color-5)","background-image":"","background-repeat":"repeat","background-position":"center center","background-size":"auto","background-attachment":"scroll","background-type":"","background-media":"","overlay-type":"","overlay-color":"","overlay-opacity":"","overlay-gradient":""},"tablet":{"background-color":"","background-image":"","background-repeat":"repeat","background-position":"center center","background-size":"auto","background-attachment":"scroll","background-type":"","background-media":"","overlay-type":"","overlay-color":"","overlay-opacity":"","overlay-gradient":""},"mobile":{"background-color":"","background-image":"","background-repeat":"repeat","background-position":"center center","background-size":"auto","background-attachment":"scroll","background-type":"","background-media":"","overlay-type":"","overlay-color":"","overlay-opacity":"","overlay-gradient":""}},"ast-content-background-meta":{"desktop":{"background-color":"var(--ast-global-color-4)","background-image":"","background-repeat":"repeat","background-position":"center center","background-size":"auto","background-attachment":"scroll","background-type":"","background-media":"","overlay-type":"","overlay-color":"","overlay-opacity":"","overlay-gradient":""},"tablet":{"background-color":"var(--ast-global-color-4)","background-image":"","background-repeat":"repeat","background-position":"center center","background-size":"auto","background-attachment":"scroll","background-type":"","background-media":"","overlay-type":"","overlay-color":"","overlay-opacity":"","overlay-gradient":""},"mobile":{"background-color":"var(--ast-global-color-4)","background-image":"","background-repeat":"repeat","background-position":"center center","background-size":"auto","background-attachment":"scroll","background-type":"","background-media":"","overlay-type":"","overlay-color":"","overlay-opacity":"","overlay-gradient":""}},"footnotes":""},"class_list":["post-1864","page","type-page","status-publish","hentry"],"yoast_head":"<!-- This site is optimized with the Yoast SEO plugin v26.5 - https:\/\/yoast.com\/wordpress\/plugins\/seo\/ -->\n<title>Farvekortvalg - hldiamondtools.com<\/title>\n<meta name=\"robots\" content=\"index, follow, max-snippet:-1, max-image-preview:large, max-video-preview:-1\" \/>\n<link rel=\"canonical\" href=\"https:\/\/hldiamondtools.com\/da\/farvekortvalg\/\" \/>\n<meta property=\"og:locale\" content=\"da_DK\" \/>\n<meta property=\"og:type\" content=\"article\" \/>\n<meta property=\"og:title\" content=\"Farvekortvalg - hldiamondtools.com\" \/>\n<meta property=\"og:description\" content=\"Vi har et bredt udvalg af farver at v\u00e6lge imellem. Den farve, du angiver,er inden for dine bygr\u00e6nser, og vi leverer den eksklusivt til dig.Vi registrerer farvekoden p\u00e5 din maling for at sikre, atfarven og kvaliteten af hver batch er den samme.\" \/>\n<meta property=\"og:url\" content=\"https:\/\/hldiamondtools.com\/da\/farvekortvalg\/\" \/>\n<meta property=\"og:site_name\" content=\"hldiamondtools.com\" \/>\n<meta property=\"article:modified_time\" content=\"2026-01-06T11:09:03+00:00\" \/>\n<meta property=\"og:image\" content=\"https:\/\/hldiamondtools.com\/wp-content\/uploads\/2025\/12\/Color-Card-Selection.jpg\" \/>\n\t<meta property=\"og:image:width\" content=\"560\" \/>\n\t<meta property=\"og:image:height\" content=\"385\" \/>\n\t<meta property=\"og:image:type\" content=\"image\/jpeg\" \/>\n<meta name=\"twitter:card\" content=\"summary_large_image\" \/>\n<script type=\"application\/ld+json\" class=\"yoast-schema-graph\">{\"@context\":\"https:\/\/schema.org\",\"@graph\":[{\"@type\":\"WebPage\",\"@id\":\"https:\/\/hldiamondtools.com\/da\/farvekortvalg\/\",\"url\":\"https:\/\/hldiamondtools.com\/da\/farvekortvalg\/\",\"name\":\"Farvekortvalg - hldiamondtools.com\",\"isPartOf\":{\"@id\":\"https:\/\/hldiamondtools.com\/da\/#website\"},\"primaryImageOfPage\":{\"@id\":\"https:\/\/hldiamondtools.com\/da\/farvekortvalg\/#primaryimage\"},\"image\":{\"@id\":\"https:\/\/hldiamondtools.com\/da\/farvekortvalg\/#primaryimage\"},\"thumbnailUrl\":\"https:\/\/hldiamondtools.com\/wp-content\/uploads\/2025\/12\/Color-Card-Selection.jpg\",\"datePublished\":\"2025-12-10T05:56:01+00:00\",\"dateModified\":\"2026-01-06T11:09:03+00:00\",\"breadcrumb\":{\"@id\":\"https:\/\/hldiamondtools.com\/da\/farvekortvalg\/#breadcrumb\"},\"inLanguage\":\"da-DK\",\"potentialAction\":[{\"@type\":\"ReadAction\",\"target\":[\"https:\/\/hldiamondtools.com\/da\/farvekortvalg\/\"]}]},{\"@type\":\"ImageObject\",\"inLanguage\":\"da-DK\",\"@id\":\"https:\/\/hldiamondtools.com\/da\/farvekortvalg\/#primaryimage\",\"url\":\"https:\/\/hldiamondtools.com\/wp-content\/uploads\/2025\/12\/Color-Card-Selection.jpg\",\"contentUrl\":\"https:\/\/hldiamondtools.com\/wp-content\/uploads\/2025\/12\/Color-Card-Selection.jpg\"},{\"@type\":\"BreadcrumbList\",\"@id\":\"https:\/\/hldiamondtools.com\/da\/farvekortvalg\/#breadcrumb\",\"itemListElement\":[{\"@type\":\"ListItem\",\"position\":1,\"name\":\"Home\",\"item\":\"https:\/\/hldiamondtools.com\/da\/hjem\/\"},{\"@type\":\"ListItem\",\"position\":2,\"name\":\"Farvekortvalg\"}]},{\"@type\":\"WebSite\",\"@id\":\"https:\/\/hldiamondtools.com\/da\/#website\",\"url\":\"https:\/\/hldiamondtools.com\/da\/\",\"name\":\"hldiamondtools.com\",\"description\":\"\",\"publisher\":{\"@id\":\"https:\/\/hldiamondtools.com\/da\/#organization\"},\"potentialAction\":[{\"@type\":\"SearchAction\",\"target\":{\"@type\":\"EntryPoint\",\"urlTemplate\":\"https:\/\/hldiamondtools.com\/da\/?s={search_term_string}\"},\"query-input\":{\"@type\":\"PropertyValueSpecification\",\"valueRequired\":true,\"valueName\":\"search_term_string\"}}],\"inLanguage\":\"da-DK\"},{\"@type\":\"Organization\",\"@id\":\"https:\/\/hldiamondtools.com\/da\/#organization\",\"name\":\"hldiamondtools.com\",\"url\":\"https:\/\/hldiamondtools.com\/da\/\",\"logo\":{\"@type\":\"ImageObject\",\"inLanguage\":\"da-DK\",\"@id\":\"https:\/\/hldiamondtools.com\/da\/#\/schema\/logo\/image\/\",\"url\":\"https:\/\/hldiamondtools.com\/wp-content\/uploads\/2025\/12\/\u7ad9\u70b9\u56fe\u6807.png\",\"contentUrl\":\"https:\/\/hldiamondtools.com\/wp-content\/uploads\/2025\/12\/\u7ad9\u70b9\u56fe\u6807.png\",\"width\":140,\"height\":78,\"caption\":\"hldiamondtools.com\"},\"image\":{\"@id\":\"https:\/\/hldiamondtools.com\/da\/#\/schema\/logo\/image\/\"}}]}<\/script>\n<!-- \/ Yoast SEO plugin. -->","yoast_head_json":{"title":"Farvekortvalg - hldiamondtools.com","robots":{"index":"index","follow":"follow","max-snippet":"max-snippet:-1","max-image-preview":"max-image-preview:large","max-video-preview":"max-video-preview:-1"},"canonical":"https:\/\/hldiamondtools.com\/da\/farvekortvalg\/","og_locale":"da_DK","og_type":"article","og_title":"Farvekortvalg - hldiamondtools.com","og_description":"Vi har et bredt udvalg af farver at v\u00e6lge imellem. Den farve, du angiver,er inden for dine bygr\u00e6nser, og vi leverer den eksklusivt til dig.Vi registrerer farvekoden p\u00e5 din maling for at sikre, atfarven og kvaliteten af hver batch er den samme.","og_url":"https:\/\/hldiamondtools.com\/da\/farvekortvalg\/","og_site_name":"hldiamondtools.com","article_modified_time":"2026-01-06T11:09:03+00:00","og_image":[{"width":560,"height":385,"url":"https:\/\/hldiamondtools.com\/wp-content\/uploads\/2025\/12\/Color-Card-Selection.jpg","type":"image\/jpeg"}],"twitter_card":"summary_large_image","schema":{"@context":"https:\/\/schema.org","@graph":[{"@type":"WebPage","@id":"https:\/\/hldiamondtools.com\/da\/farvekortvalg\/","url":"https:\/\/hldiamondtools.com\/da\/farvekortvalg\/","name":"Farvekortvalg - hldiamondtools.com","isPartOf":{"@id":"https:\/\/hldiamondtools.com\/da\/#website"},"primaryImageOfPage":{"@id":"https:\/\/hldiamondtools.com\/da\/farvekortvalg\/#primaryimage"},"image":{"@id":"https:\/\/hldiamondtools.com\/da\/farvekortvalg\/#primaryimage"},"thumbnailUrl":"https:\/\/hldiamondtools.com\/wp-content\/uploads\/2025\/12\/Color-Card-Selection.jpg","datePublished":"2025-12-10T05:56:01+00:00","dateModified":"2026-01-06T11:09:03+00:00","breadcrumb":{"@id":"https:\/\/hldiamondtools.com\/da\/farvekortvalg\/#breadcrumb"},"inLanguage":"da-DK","potentialAction":[{"@type":"ReadAction","target":["https:\/\/hldiamondtools.com\/da\/farvekortvalg\/"]}]},{"@type":"ImageObject","inLanguage":"da-DK","@id":"https:\/\/hldiamondtools.com\/da\/farvekortvalg\/#primaryimage","url":"https:\/\/hldiamondtools.com\/wp-content\/uploads\/2025\/12\/Color-Card-Selection.jpg","contentUrl":"https:\/\/hldiamondtools.com\/wp-content\/uploads\/2025\/12\/Color-Card-Selection.jpg"},{"@type":"BreadcrumbList","@id":"https:\/\/hldiamondtools.com\/da\/farvekortvalg\/#breadcrumb","itemListElement":[{"@type":"ListItem","position":1,"name":"Home","item":"https:\/\/hldiamondtools.com\/da\/hjem\/"},{"@type":"ListItem","position":2,"name":"Farvekortvalg"}]},{"@type":"WebSite","@id":"https:\/\/hldiamondtools.com\/da\/#website","url":"https:\/\/hldiamondtools.com\/da\/","name":"hldiamondtools.com","description":"","publisher":{"@id":"https:\/\/hldiamondtools.com\/da\/#organization"},"potentialAction":[{"@type":"SearchAction","target":{"@type":"EntryPoint","urlTemplate":"https:\/\/hldiamondtools.com\/da\/?s={search_term_string}"},"query-input":{"@type":"PropertyValueSpecification","valueRequired":true,"valueName":"search_term_string"}}],"inLanguage":"da-DK"},{"@type":"Organization","@id":"https:\/\/hldiamondtools.com\/da\/#organization","name":"hldiamondtools.com","url":"https:\/\/hldiamondtools.com\/da\/","logo":{"@type":"ImageObject","inLanguage":"da-DK","@id":"https:\/\/hldiamondtools.com\/da\/#\/schema\/logo\/image\/","url":"https:\/\/hldiamondtools.com\/wp-content\/uploads\/2025\/12\/\u7ad9\u70b9\u56fe\u6807.png","contentUrl":"https:\/\/hldiamondtools.com\/wp-content\/uploads\/2025\/12\/\u7ad9\u70b9\u56fe\u6807.png","width":140,"height":78,"caption":"hldiamondtools.com"},"image":{"@id":"https:\/\/hldiamondtools.com\/da\/#\/schema\/logo\/image\/"}}]}},"_hostinger_reach_plugin_has_subscription_block":false,"_hostinger_reach_plugin_is_elementor":false,"_links":{"self":[{"href":"https:\/\/hldiamondtools.com\/da\/wp-json\/wp\/v2\/pages\/1864","targetHints":{"allow":["GET"]}}],"collection":[{"href":"https:\/\/hldiamondtools.com\/da\/wp-json\/wp\/v2\/pages"}],"about":[{"href":"https:\/\/hldiamondtools.com\/da\/wp-json\/wp\/v2\/types\/page"}],"author":[{"embeddable":true,"href":"https:\/\/hldiamondtools.com\/da\/wp-json\/wp\/v2\/users\/1"}],"replies":[{"embeddable":true,"href":"https:\/\/hldiamondtools.com\/da\/wp-json\/wp\/v2\/comments?post=1864"}],"version-history":[{"count":1,"href":"https:\/\/hldiamondtools.com\/da\/wp-json\/wp\/v2\/pages\/1864\/revisions"}],"predecessor-version":[{"id":1867,"href":"https:\/\/hldiamondtools.com\/da\/wp-json\/wp\/v2\/pages\/1864\/revisions\/1867"}],"wp:attachment":[{"href":"https:\/\/hldiamondtools.com\/da\/wp-json\/wp\/v2\/media?parent=1864"}],"curies":[{"name":"wp","href":"https:\/\/api.w.org\/{rel}","templated":true}]}}