{"id":1970,"date":"2025-12-10T05:57:05","date_gmt":"2025-12-10T05:57:05","guid":{"rendered":"https:\/\/hldiamondtools.com\/marcado-de-logotipos-con-laser\/"},"modified":"2026-01-07T05:55:22","modified_gmt":"2026-01-07T05:55:22","slug":"marcado-de-logotipos-con-laser","status":"publish","type":"page","link":"https:\/\/hldiamondtools.com\/es\/marcado-de-logotipos-con-laser\/","title":{"rendered":"Marcado de logotipos con l\u00e1ser"},"content":{"rendered":"\t\t<div data-elementor-type=\"wp-page\" data-elementor-id=\"1970\" class=\"elementor elementor-1970 elementor-232\" data-elementor-post-type=\"page\">\n\t\t\t\t<div class=\"elementor-element elementor-element-2d910f0d e-con-full e-flex e-con e-parent\" data-id=\"2d910f0d\" data-element_type=\"container\">\n\t\t<div class=\"elementor-element elementor-element-72806d5f e-con-full e-flex e-con e-child\" data-id=\"72806d5f\" data-element_type=\"container\" data-settings=\"{&quot;background_background&quot;:&quot;classic&quot;}\">\n\t\t\t\t<\/div>\n\t\t<div class=\"elementor-element elementor-element-7dfaa08 e-con-full e-flex e-con e-child\" data-id=\"7dfaa08\" data-element_type=\"container\" data-settings=\"{&quot;background_background&quot;:&quot;classic&quot;}\">\n\t\t<div class=\"elementor-element elementor-element-73e3f7dd e-con-full e-flex e-con e-child\" data-id=\"73e3f7dd\" data-element_type=\"container\" data-settings=\"{&quot;background_background&quot;:&quot;classic&quot;}\">\n\t\t\t\t<div class=\"elementor-element elementor-element-3cffd3a3 elementor-align-center elementor-widget elementor-widget-breadcrumbs\" data-id=\"3cffd3a3\" data-element_type=\"widget\" data-widget_type=\"breadcrumbs.default\">\n\t\t\t\t\t<p id=\"breadcrumbs\"><span><span><a href=\"https:\/\/hldiamondtools.com\/es\/inicio\/\">Home<\/a><\/span><\/span><\/p>\t\t\t\t<\/div>\n\t\t\t\t<\/div>\n\t\t\t\t<\/div>\n\t\t\t\t<\/div>\n\t\t<div class=\"elementor-element elementor-element-45863c22 e-flex e-con-boxed e-con e-parent\" data-id=\"45863c22\" data-element_type=\"container\" data-settings=\"{&quot;background_background&quot;:&quot;classic&quot;}\">\n\t\t\t\t\t<div class=\"e-con-inner\">\n\t\t<div class=\"elementor-element elementor-element-237b1694 e-con-full e-flex e-con e-child\" data-id=\"237b1694\" data-element_type=\"container\" data-settings=\"{&quot;background_background&quot;:&quot;classic&quot;}\">\n\t\t<div class=\"elementor-element elementor-element-459bd8ca e-con-full e-flex e-con e-child\" data-id=\"459bd8ca\" data-element_type=\"container\">\n\t\t\t\t<div class=\"elementor-element elementor-element-3fb5beb elementor-widget elementor-widget-heading\" data-id=\"3fb5beb\" data-element_type=\"widget\" data-widget_type=\"heading.default\">\n\t\t\t\t\t<h2 class=\"elementor-heading-title elementor-size-default\">Marcado de logotipos con l\u00e1ser<\/h2>\t\t\t\t<\/div>\n\t\t\t\t<div class=\"elementor-element elementor-element-56bd042e elementor-widget elementor-widget-text-editor\" data-id=\"56bd042e\" data-element_type=\"widget\" data-widget_type=\"text-editor.default\">\n\t\t\t\t\t\t\t\t\t<p>Si nos proporciona informaci\u00f3n detallada (por ejemplo, una imagen, el logotipo o un archivo PSD, etc.), marcaremos los productos con l\u00e1ser seg\u00fan sus indicaciones, incluyendo el logotipo, el c\u00f3digo del art\u00edculo y el c\u00f3digo de dureza de la uni\u00f3n del segmento. Registraremos la informaci\u00f3n y nos aseguraremos de que la parte frontal, el tama\u00f1o frontal y la posici\u00f3n del l\u00e1ser sean los mismos en todos sus pedidos. <\/p>\t\t\t\t\t\t\t\t<\/div>\n\t\t\t\t<\/div>\n\t\t<div class=\"elementor-element elementor-element-23350739 e-con-full e-flex e-con e-child\" data-id=\"23350739\" data-element_type=\"container\" data-settings=\"{&quot;background_background&quot;:&quot;classic&quot;}\">\n\t\t\t\t<div class=\"elementor-element elementor-element-2b51bf5d elementor-widget elementor-widget-image\" data-id=\"2b51bf5d\" data-element_type=\"widget\" data-widget_type=\"image.default\">\n\t\t\t\t\t\t\t\t\t\t\t\t\t\t\t<img fetchpriority=\"high\" decoding=\"async\" width=\"917\" height=\"866\" src=\"https:\/\/hldiamondtools.com\/wp-content\/uploads\/2025\/12\/ogo-Laser-Marking.jpg\" class=\"attachment-full size-full wp-image-1971\" alt=\"\" srcset=\"https:\/\/hldiamondtools.com\/wp-content\/uploads\/2025\/12\/ogo-Laser-Marking.jpg 917w, https:\/\/hldiamondtools.com\/wp-content\/uploads\/2025\/12\/ogo-Laser-Marking-600x567.jpg 600w, https:\/\/hldiamondtools.com\/wp-content\/uploads\/2025\/12\/ogo-Laser-Marking-300x283.jpg 300w, https:\/\/hldiamondtools.com\/wp-content\/uploads\/2025\/12\/ogo-Laser-Marking-768x725.jpg 768w\" sizes=\"(max-width: 917px) 100vw, 917px\" \/>\t\t\t\t\t\t\t\t\t\t\t\t\t\t\t<\/div>\n\t\t\t\t<\/div>\n\t\t\t\t<\/div>\n\t\t\t\t\t<\/div>\n\t\t\t\t<\/div>\n\t\t\t\t<\/div>\n\t\t","protected":false},"excerpt":{"rendered":"<p>Marcado de logotipos con l\u00e1ser Si nos proporciona informaci\u00f3n detallada (por ejemplo, una imagen, el logotipo o un archivo PSD, etc.), marcaremos los productos con l\u00e1ser seg\u00fan sus indicaciones, incluyendo el logotipo, el c\u00f3digo del art\u00edculo y el c\u00f3digo de dureza de la uni\u00f3n del segmento. Registraremos la informaci\u00f3n y nos aseguraremos de que la [&hellip;]<\/p>\n","protected":false},"author":1,"featured_media":0,"parent":0,"menu_order":0,"comment_status":"closed","ping_status":"closed","template":"","meta":{"site-sidebar-layout":"no-sidebar","site-content-layout":"","ast-site-content-layout":"full-width-container","site-content-style":"default","site-sidebar-style":"default","ast-global-header-display":"","ast-banner-title-visibility":"","ast-main-header-display":"","ast-hfb-above-header-display":"","ast-hfb-below-header-display":"","ast-hfb-mobile-header-display":"","site-post-title":"disabled","ast-breadcrumbs-content":"","ast-featured-img":"disabled","footer-sml-layout":"","theme-transparent-header-meta":"","adv-header-id-meta":"","stick-header-meta":"","header-above-stick-meta":"","header-main-stick-meta":"","header-below-stick-meta":"","astra-migrate-meta-layouts":"default","ast-page-background-enabled":"default","ast-page-background-meta":{"desktop":{"background-color":"var(--ast-global-color-5)","background-image":"","background-repeat":"repeat","background-position":"center center","background-size":"auto","background-attachment":"scroll","background-type":"","background-media":"","overlay-type":"","overlay-color":"","overlay-opacity":"","overlay-gradient":""},"tablet":{"background-color":"","background-image":"","background-repeat":"repeat","background-position":"center center","background-size":"auto","background-attachment":"scroll","background-type":"","background-media":"","overlay-type":"","overlay-color":"","overlay-opacity":"","overlay-gradient":""},"mobile":{"background-color":"","background-image":"","background-repeat":"repeat","background-position":"center center","background-size":"auto","background-attachment":"scroll","background-type":"","background-media":"","overlay-type":"","overlay-color":"","overlay-opacity":"","overlay-gradient":""}},"ast-content-background-meta":{"desktop":{"background-color":"var(--ast-global-color-4)","background-image":"","background-repeat":"repeat","background-position":"center center","background-size":"auto","background-attachment":"scroll","background-type":"","background-media":"","overlay-type":"","overlay-color":"","overlay-opacity":"","overlay-gradient":""},"tablet":{"background-color":"var(--ast-global-color-4)","background-image":"","background-repeat":"repeat","background-position":"center center","background-size":"auto","background-attachment":"scroll","background-type":"","background-media":"","overlay-type":"","overlay-color":"","overlay-opacity":"","overlay-gradient":""},"mobile":{"background-color":"var(--ast-global-color-4)","background-image":"","background-repeat":"repeat","background-position":"center center","background-size":"auto","background-attachment":"scroll","background-type":"","background-media":"","overlay-type":"","overlay-color":"","overlay-opacity":"","overlay-gradient":""}},"footnotes":""},"class_list":["post-1970","page","type-page","status-publish","hentry"],"yoast_head":"<!-- This site is optimized with the Yoast SEO plugin v26.5 - https:\/\/yoast.com\/wordpress\/plugins\/seo\/ -->\n<title>Marcado de logotipos con l\u00e1ser - hldiamondtools.com<\/title>\n<meta name=\"robots\" content=\"index, follow, max-snippet:-1, max-image-preview:large, max-video-preview:-1\" \/>\n<link rel=\"canonical\" href=\"https:\/\/hldiamondtools.com\/es\/marcado-de-logotipos-con-laser\/\" \/>\n<meta property=\"og:locale\" content=\"es_ES\" \/>\n<meta property=\"og:type\" content=\"article\" \/>\n<meta property=\"og:title\" content=\"Marcado de logotipos con l\u00e1ser - hldiamondtools.com\" \/>\n<meta property=\"og:description\" content=\"Marcado de logotipos con l\u00e1ser Si nos proporciona informaci\u00f3n detallada (por ejemplo, una imagen, el logotipo o un archivo PSD, etc.), marcaremos los productos con l\u00e1ser seg\u00fan sus indicaciones, incluyendo el logotipo, el c\u00f3digo del art\u00edculo y el c\u00f3digo de dureza de la uni\u00f3n del segmento. Registraremos la informaci\u00f3n y nos aseguraremos de que la [&hellip;]\" \/>\n<meta property=\"og:url\" content=\"https:\/\/hldiamondtools.com\/es\/marcado-de-logotipos-con-laser\/\" \/>\n<meta property=\"og:site_name\" content=\"hldiamondtools.com\" \/>\n<meta property=\"article:modified_time\" content=\"2026-01-07T05:55:22+00:00\" \/>\n<meta property=\"og:image\" content=\"https:\/\/hldiamondtools.com\/wp-content\/uploads\/2025\/12\/ogo-Laser-Marking.jpg\" \/>\n\t<meta property=\"og:image:width\" content=\"917\" \/>\n\t<meta property=\"og:image:height\" content=\"866\" \/>\n\t<meta property=\"og:image:type\" content=\"image\/jpeg\" \/>\n<meta name=\"twitter:card\" content=\"summary_large_image\" \/>\n<script type=\"application\/ld+json\" class=\"yoast-schema-graph\">{\"@context\":\"https:\/\/schema.org\",\"@graph\":[{\"@type\":\"WebPage\",\"@id\":\"https:\/\/hldiamondtools.com\/es\/marcado-de-logotipos-con-laser\/\",\"url\":\"https:\/\/hldiamondtools.com\/es\/marcado-de-logotipos-con-laser\/\",\"name\":\"Marcado de logotipos con l\u00e1ser - hldiamondtools.com\",\"isPartOf\":{\"@id\":\"https:\/\/hldiamondtools.com\/es\/#website\"},\"primaryImageOfPage\":{\"@id\":\"https:\/\/hldiamondtools.com\/es\/marcado-de-logotipos-con-laser\/#primaryimage\"},\"image\":{\"@id\":\"https:\/\/hldiamondtools.com\/es\/marcado-de-logotipos-con-laser\/#primaryimage\"},\"thumbnailUrl\":\"https:\/\/hldiamondtools.com\/wp-content\/uploads\/2025\/12\/ogo-Laser-Marking.jpg\",\"datePublished\":\"2025-12-10T05:57:05+00:00\",\"dateModified\":\"2026-01-07T05:55:22+00:00\",\"breadcrumb\":{\"@id\":\"https:\/\/hldiamondtools.com\/es\/marcado-de-logotipos-con-laser\/#breadcrumb\"},\"inLanguage\":\"es\",\"potentialAction\":[{\"@type\":\"ReadAction\",\"target\":[\"https:\/\/hldiamondtools.com\/es\/marcado-de-logotipos-con-laser\/\"]}]},{\"@type\":\"ImageObject\",\"inLanguage\":\"es\",\"@id\":\"https:\/\/hldiamondtools.com\/es\/marcado-de-logotipos-con-laser\/#primaryimage\",\"url\":\"https:\/\/hldiamondtools.com\/wp-content\/uploads\/2025\/12\/ogo-Laser-Marking.jpg\",\"contentUrl\":\"https:\/\/hldiamondtools.com\/wp-content\/uploads\/2025\/12\/ogo-Laser-Marking.jpg\"},{\"@type\":\"BreadcrumbList\",\"@id\":\"https:\/\/hldiamondtools.com\/es\/marcado-de-logotipos-con-laser\/#breadcrumb\",\"itemListElement\":[{\"@type\":\"ListItem\",\"position\":1,\"name\":\"Home\",\"item\":\"https:\/\/hldiamondtools.com\/es\/inicio\/\"},{\"@type\":\"ListItem\",\"position\":2,\"name\":\"Marcado de logotipos con l\u00e1ser\"}]},{\"@type\":\"WebSite\",\"@id\":\"https:\/\/hldiamondtools.com\/es\/#website\",\"url\":\"https:\/\/hldiamondtools.com\/es\/\",\"name\":\"hldiamondtools.com\",\"description\":\"\",\"publisher\":{\"@id\":\"https:\/\/hldiamondtools.com\/es\/#organization\"},\"potentialAction\":[{\"@type\":\"SearchAction\",\"target\":{\"@type\":\"EntryPoint\",\"urlTemplate\":\"https:\/\/hldiamondtools.com\/es\/?s={search_term_string}\"},\"query-input\":{\"@type\":\"PropertyValueSpecification\",\"valueRequired\":true,\"valueName\":\"search_term_string\"}}],\"inLanguage\":\"es\"},{\"@type\":\"Organization\",\"@id\":\"https:\/\/hldiamondtools.com\/es\/#organization\",\"name\":\"hldiamondtools.com\",\"url\":\"https:\/\/hldiamondtools.com\/es\/\",\"logo\":{\"@type\":\"ImageObject\",\"inLanguage\":\"es\",\"@id\":\"https:\/\/hldiamondtools.com\/es\/#\/schema\/logo\/image\/\",\"url\":\"https:\/\/hldiamondtools.com\/wp-content\/uploads\/2025\/12\/\u7ad9\u70b9\u56fe\u6807.png\",\"contentUrl\":\"https:\/\/hldiamondtools.com\/wp-content\/uploads\/2025\/12\/\u7ad9\u70b9\u56fe\u6807.png\",\"width\":140,\"height\":78,\"caption\":\"hldiamondtools.com\"},\"image\":{\"@id\":\"https:\/\/hldiamondtools.com\/es\/#\/schema\/logo\/image\/\"}}]}<\/script>\n<!-- \/ Yoast SEO plugin. -->","yoast_head_json":{"title":"Marcado de logotipos con l\u00e1ser - hldiamondtools.com","robots":{"index":"index","follow":"follow","max-snippet":"max-snippet:-1","max-image-preview":"max-image-preview:large","max-video-preview":"max-video-preview:-1"},"canonical":"https:\/\/hldiamondtools.com\/es\/marcado-de-logotipos-con-laser\/","og_locale":"es_ES","og_type":"article","og_title":"Marcado de logotipos con l\u00e1ser - hldiamondtools.com","og_description":"Marcado de logotipos con l\u00e1ser Si nos proporciona informaci\u00f3n detallada (por ejemplo, una imagen, el logotipo o un archivo PSD, etc.), marcaremos los productos con l\u00e1ser seg\u00fan sus indicaciones, incluyendo el logotipo, el c\u00f3digo del art\u00edculo y el c\u00f3digo de dureza de la uni\u00f3n del segmento. Registraremos la informaci\u00f3n y nos aseguraremos de que la [&hellip;]","og_url":"https:\/\/hldiamondtools.com\/es\/marcado-de-logotipos-con-laser\/","og_site_name":"hldiamondtools.com","article_modified_time":"2026-01-07T05:55:22+00:00","og_image":[{"width":917,"height":866,"url":"https:\/\/hldiamondtools.com\/wp-content\/uploads\/2025\/12\/ogo-Laser-Marking.jpg","type":"image\/jpeg"}],"twitter_card":"summary_large_image","schema":{"@context":"https:\/\/schema.org","@graph":[{"@type":"WebPage","@id":"https:\/\/hldiamondtools.com\/es\/marcado-de-logotipos-con-laser\/","url":"https:\/\/hldiamondtools.com\/es\/marcado-de-logotipos-con-laser\/","name":"Marcado de logotipos con l\u00e1ser - hldiamondtools.com","isPartOf":{"@id":"https:\/\/hldiamondtools.com\/es\/#website"},"primaryImageOfPage":{"@id":"https:\/\/hldiamondtools.com\/es\/marcado-de-logotipos-con-laser\/#primaryimage"},"image":{"@id":"https:\/\/hldiamondtools.com\/es\/marcado-de-logotipos-con-laser\/#primaryimage"},"thumbnailUrl":"https:\/\/hldiamondtools.com\/wp-content\/uploads\/2025\/12\/ogo-Laser-Marking.jpg","datePublished":"2025-12-10T05:57:05+00:00","dateModified":"2026-01-07T05:55:22+00:00","breadcrumb":{"@id":"https:\/\/hldiamondtools.com\/es\/marcado-de-logotipos-con-laser\/#breadcrumb"},"inLanguage":"es","potentialAction":[{"@type":"ReadAction","target":["https:\/\/hldiamondtools.com\/es\/marcado-de-logotipos-con-laser\/"]}]},{"@type":"ImageObject","inLanguage":"es","@id":"https:\/\/hldiamondtools.com\/es\/marcado-de-logotipos-con-laser\/#primaryimage","url":"https:\/\/hldiamondtools.com\/wp-content\/uploads\/2025\/12\/ogo-Laser-Marking.jpg","contentUrl":"https:\/\/hldiamondtools.com\/wp-content\/uploads\/2025\/12\/ogo-Laser-Marking.jpg"},{"@type":"BreadcrumbList","@id":"https:\/\/hldiamondtools.com\/es\/marcado-de-logotipos-con-laser\/#breadcrumb","itemListElement":[{"@type":"ListItem","position":1,"name":"Home","item":"https:\/\/hldiamondtools.com\/es\/inicio\/"},{"@type":"ListItem","position":2,"name":"Marcado de logotipos con l\u00e1ser"}]},{"@type":"WebSite","@id":"https:\/\/hldiamondtools.com\/es\/#website","url":"https:\/\/hldiamondtools.com\/es\/","name":"hldiamondtools.com","description":"","publisher":{"@id":"https:\/\/hldiamondtools.com\/es\/#organization"},"potentialAction":[{"@type":"SearchAction","target":{"@type":"EntryPoint","urlTemplate":"https:\/\/hldiamondtools.com\/es\/?s={search_term_string}"},"query-input":{"@type":"PropertyValueSpecification","valueRequired":true,"valueName":"search_term_string"}}],"inLanguage":"es"},{"@type":"Organization","@id":"https:\/\/hldiamondtools.com\/es\/#organization","name":"hldiamondtools.com","url":"https:\/\/hldiamondtools.com\/es\/","logo":{"@type":"ImageObject","inLanguage":"es","@id":"https:\/\/hldiamondtools.com\/es\/#\/schema\/logo\/image\/","url":"https:\/\/hldiamondtools.com\/wp-content\/uploads\/2025\/12\/\u7ad9\u70b9\u56fe\u6807.png","contentUrl":"https:\/\/hldiamondtools.com\/wp-content\/uploads\/2025\/12\/\u7ad9\u70b9\u56fe\u6807.png","width":140,"height":78,"caption":"hldiamondtools.com"},"image":{"@id":"https:\/\/hldiamondtools.com\/es\/#\/schema\/logo\/image\/"}}]}},"_hostinger_reach_plugin_has_subscription_block":false,"_hostinger_reach_plugin_is_elementor":false,"_links":{"self":[{"href":"https:\/\/hldiamondtools.com\/es\/wp-json\/wp\/v2\/pages\/1970","targetHints":{"allow":["GET"]}}],"collection":[{"href":"https:\/\/hldiamondtools.com\/es\/wp-json\/wp\/v2\/pages"}],"about":[{"href":"https:\/\/hldiamondtools.com\/es\/wp-json\/wp\/v2\/types\/page"}],"author":[{"embeddable":true,"href":"https:\/\/hldiamondtools.com\/es\/wp-json\/wp\/v2\/users\/1"}],"replies":[{"embeddable":true,"href":"https:\/\/hldiamondtools.com\/es\/wp-json\/wp\/v2\/comments?post=1970"}],"version-history":[{"count":1,"href":"https:\/\/hldiamondtools.com\/es\/wp-json\/wp\/v2\/pages\/1970\/revisions"}],"predecessor-version":[{"id":1972,"href":"https:\/\/hldiamondtools.com\/es\/wp-json\/wp\/v2\/pages\/1970\/revisions\/1972"}],"wp:attachment":[{"href":"https:\/\/hldiamondtools.com\/es\/wp-json\/wp\/v2\/media?parent=1970"}],"curies":[{"name":"wp","href":"https:\/\/api.w.org\/{rel}","templated":true}]}}