{"id":1856,"date":"2025-12-10T05:56:01","date_gmt":"2025-12-10T05:56:01","guid":{"rendered":"https:\/\/hldiamondtools.com\/selecao-de-cartoes-de-cor\/"},"modified":"2026-01-06T11:09:03","modified_gmt":"2026-01-06T11:09:03","slug":"selecao-de-cartoes-de-cor","status":"publish","type":"page","link":"https:\/\/hldiamondtools.com\/pt-pt\/selecao-de-cartoes-de-cor\/","title":{"rendered":"Sele\u00e7\u00e3o de Cart\u00f5es de Cor"},"content":{"rendered":"\t\t<div data-elementor-type=\"wp-page\" data-elementor-id=\"1856\" class=\"elementor elementor-1856 elementor-228\" data-elementor-post-type=\"page\">\n\t\t\t\t<div class=\"elementor-element elementor-element-4b95341a e-con-full e-flex e-con e-parent\" data-id=\"4b95341a\" data-element_type=\"container\">\n\t\t<div class=\"elementor-element elementor-element-dd3fc19 e-con-full e-flex e-con e-child\" data-id=\"dd3fc19\" data-element_type=\"container\" data-settings=\"{&quot;background_background&quot;:&quot;classic&quot;}\">\n\t\t\t\t<\/div>\n\t\t<div class=\"elementor-element elementor-element-265dff8f e-con-full e-flex e-con e-child\" data-id=\"265dff8f\" data-element_type=\"container\" data-settings=\"{&quot;background_background&quot;:&quot;classic&quot;}\">\n\t\t<div class=\"elementor-element elementor-element-56cf55ba e-con-full e-flex e-con e-child\" data-id=\"56cf55ba\" data-element_type=\"container\" data-settings=\"{&quot;background_background&quot;:&quot;classic&quot;}\">\n\t\t\t\t<div class=\"elementor-element elementor-element-267420e6 elementor-align-center elementor-widget elementor-widget-breadcrumbs\" data-id=\"267420e6\" data-element_type=\"widget\" data-widget_type=\"breadcrumbs.default\">\n\t\t\t\t\t<p id=\"breadcrumbs\"><span><span><a href=\"https:\/\/hldiamondtools.com\/pt-pt\/inicio\/\">Home<\/a><\/span><\/span><\/p>\t\t\t\t<\/div>\n\t\t\t\t<\/div>\n\t\t\t\t<\/div>\n\t\t\t\t<\/div>\n\t\t<div class=\"elementor-element elementor-element-89ade5c e-con-full e-flex e-con e-parent\" data-id=\"89ade5c\" data-element_type=\"container\" data-settings=\"{&quot;background_background&quot;:&quot;classic&quot;}\">\n\t\t<div class=\"elementor-element elementor-element-df7745c e-con-full e-flex e-con e-child\" data-id=\"df7745c\" data-element_type=\"container\" data-settings=\"{&quot;background_background&quot;:&quot;classic&quot;}\">\n\t\t<div class=\"elementor-element elementor-element-ddfb81d e-con-full e-flex e-con e-child\" data-id=\"ddfb81d\" data-element_type=\"container\">\n\t\t\t\t<div class=\"elementor-element elementor-element-01435df elementor-widget elementor-widget-text-editor\" data-id=\"01435df\" data-element_type=\"widget\" data-widget_type=\"text-editor.default\">\n\t\t\t\t\t\t\t\t\t<p>Temos uma variedade de cores \u00e0 escolha. A cor que especificar<br>est\u00e1 dentro dos limites da sua cidade e n\u00f3s fornec\u00ea-la-emos exclusivamente para si.<br>Iremos registar o c\u00f3digo de cor da sua tinta para garantir que a<br>cor e qualidade de cada lote s\u00e3o as mesmas. <\/p>\t\t\t\t\t\t\t\t<\/div>\n\t\t\t\t<\/div>\n\t\t<div class=\"elementor-element elementor-element-8f7ee3a e-con-full e-flex e-con e-child\" data-id=\"8f7ee3a\" data-element_type=\"container\" data-settings=\"{&quot;background_background&quot;:&quot;classic&quot;}\">\n\t\t\t\t<div class=\"elementor-element elementor-element-bb74b17 elementor-widget elementor-widget-image\" data-id=\"bb74b17\" data-element_type=\"widget\" data-widget_type=\"image.default\">\n\t\t\t\t\t\t\t\t\t\t\t\t\t\t\t<img fetchpriority=\"high\" decoding=\"async\" width=\"560\" height=\"385\" src=\"https:\/\/hldiamondtools.com\/wp-content\/uploads\/2025\/12\/Color-Card-Selection.jpg\" class=\"attachment-full size-full wp-image-1858\" alt=\"\" srcset=\"https:\/\/hldiamondtools.com\/wp-content\/uploads\/2025\/12\/Color-Card-Selection.jpg 560w, https:\/\/hldiamondtools.com\/wp-content\/uploads\/2025\/12\/Color-Card-Selection-300x206.jpg 300w\" sizes=\"(max-width: 560px) 100vw, 560px\" \/>\t\t\t\t\t\t\t\t\t\t\t\t\t\t\t<\/div>\n\t\t\t\t<\/div>\n\t\t\t\t<\/div>\n\t\t\t\t<\/div>\n\t\t\t\t<\/div>\n\t\t","protected":false},"excerpt":{"rendered":"<p>Temos uma variedade de cores \u00e0 escolha. A cor que especificarest\u00e1 dentro dos limites da sua cidade e n\u00f3s fornec\u00ea-la-emos exclusivamente para si.Iremos registar o c\u00f3digo de cor da sua tinta para garantir que acor e qualidade de cada lote s\u00e3o as mesmas.<\/p>\n","protected":false},"author":1,"featured_media":0,"parent":0,"menu_order":0,"comment_status":"closed","ping_status":"closed","template":"","meta":{"site-sidebar-layout":"no-sidebar","site-content-layout":"","ast-site-content-layout":"full-width-container","site-content-style":"default","site-sidebar-style":"default","ast-global-header-display":"","ast-banner-title-visibility":"","ast-main-header-display":"","ast-hfb-above-header-display":"","ast-hfb-below-header-display":"","ast-hfb-mobile-header-display":"","site-post-title":"disabled","ast-breadcrumbs-content":"","ast-featured-img":"disabled","footer-sml-layout":"","theme-transparent-header-meta":"","adv-header-id-meta":"","stick-header-meta":"","header-above-stick-meta":"","header-main-stick-meta":"","header-below-stick-meta":"","astra-migrate-meta-layouts":"default","ast-page-background-enabled":"default","ast-page-background-meta":{"desktop":{"background-color":"var(--ast-global-color-5)","background-image":"","background-repeat":"repeat","background-position":"center center","background-size":"auto","background-attachment":"scroll","background-type":"","background-media":"","overlay-type":"","overlay-color":"","overlay-opacity":"","overlay-gradient":""},"tablet":{"background-color":"","background-image":"","background-repeat":"repeat","background-position":"center center","background-size":"auto","background-attachment":"scroll","background-type":"","background-media":"","overlay-type":"","overlay-color":"","overlay-opacity":"","overlay-gradient":""},"mobile":{"background-color":"","background-image":"","background-repeat":"repeat","background-position":"center center","background-size":"auto","background-attachment":"scroll","background-type":"","background-media":"","overlay-type":"","overlay-color":"","overlay-opacity":"","overlay-gradient":""}},"ast-content-background-meta":{"desktop":{"background-color":"var(--ast-global-color-4)","background-image":"","background-repeat":"repeat","background-position":"center center","background-size":"auto","background-attachment":"scroll","background-type":"","background-media":"","overlay-type":"","overlay-color":"","overlay-opacity":"","overlay-gradient":""},"tablet":{"background-color":"var(--ast-global-color-4)","background-image":"","background-repeat":"repeat","background-position":"center center","background-size":"auto","background-attachment":"scroll","background-type":"","background-media":"","overlay-type":"","overlay-color":"","overlay-opacity":"","overlay-gradient":""},"mobile":{"background-color":"var(--ast-global-color-4)","background-image":"","background-repeat":"repeat","background-position":"center center","background-size":"auto","background-attachment":"scroll","background-type":"","background-media":"","overlay-type":"","overlay-color":"","overlay-opacity":"","overlay-gradient":""}},"footnotes":""},"class_list":["post-1856","page","type-page","status-publish","hentry"],"yoast_head":"<!-- This site is optimized with the Yoast SEO plugin v26.5 - https:\/\/yoast.com\/wordpress\/plugins\/seo\/ -->\n<title>Sele\u00e7\u00e3o de Cart\u00f5es de Cor - hldiamondtools.com<\/title>\n<meta name=\"robots\" content=\"index, follow, max-snippet:-1, max-image-preview:large, max-video-preview:-1\" \/>\n<link rel=\"canonical\" href=\"https:\/\/hldiamondtools.com\/pt-pt\/selecao-de-cartoes-de-cor\/\" \/>\n<meta property=\"og:locale\" content=\"pt_PT\" \/>\n<meta property=\"og:type\" content=\"article\" \/>\n<meta property=\"og:title\" content=\"Sele\u00e7\u00e3o de Cart\u00f5es de Cor - hldiamondtools.com\" \/>\n<meta property=\"og:description\" content=\"Temos uma variedade de cores \u00e0 escolha. A cor que especificarest\u00e1 dentro dos limites da sua cidade e n\u00f3s fornec\u00ea-la-emos exclusivamente para si.Iremos registar o c\u00f3digo de cor da sua tinta para garantir que acor e qualidade de cada lote s\u00e3o as mesmas.\" \/>\n<meta property=\"og:url\" content=\"https:\/\/hldiamondtools.com\/pt-pt\/selecao-de-cartoes-de-cor\/\" \/>\n<meta property=\"og:site_name\" content=\"hldiamondtools.com\" \/>\n<meta property=\"article:modified_time\" content=\"2026-01-06T11:09:03+00:00\" \/>\n<meta property=\"og:image\" content=\"https:\/\/hldiamondtools.com\/wp-content\/uploads\/2025\/12\/Color-Card-Selection.jpg\" \/>\n\t<meta property=\"og:image:width\" content=\"560\" \/>\n\t<meta property=\"og:image:height\" content=\"385\" \/>\n\t<meta property=\"og:image:type\" content=\"image\/jpeg\" \/>\n<meta name=\"twitter:card\" content=\"summary_large_image\" \/>\n<script type=\"application\/ld+json\" class=\"yoast-schema-graph\">{\"@context\":\"https:\/\/schema.org\",\"@graph\":[{\"@type\":\"WebPage\",\"@id\":\"https:\/\/hldiamondtools.com\/pt-pt\/selecao-de-cartoes-de-cor\/\",\"url\":\"https:\/\/hldiamondtools.com\/pt-pt\/selecao-de-cartoes-de-cor\/\",\"name\":\"Sele\u00e7\u00e3o de Cart\u00f5es de Cor - hldiamondtools.com\",\"isPartOf\":{\"@id\":\"https:\/\/hldiamondtools.com\/pt-pt\/#website\"},\"primaryImageOfPage\":{\"@id\":\"https:\/\/hldiamondtools.com\/pt-pt\/selecao-de-cartoes-de-cor\/#primaryimage\"},\"image\":{\"@id\":\"https:\/\/hldiamondtools.com\/pt-pt\/selecao-de-cartoes-de-cor\/#primaryimage\"},\"thumbnailUrl\":\"https:\/\/hldiamondtools.com\/wp-content\/uploads\/2025\/12\/Color-Card-Selection.jpg\",\"datePublished\":\"2025-12-10T05:56:01+00:00\",\"dateModified\":\"2026-01-06T11:09:03+00:00\",\"breadcrumb\":{\"@id\":\"https:\/\/hldiamondtools.com\/pt-pt\/selecao-de-cartoes-de-cor\/#breadcrumb\"},\"inLanguage\":\"pt-PT\",\"potentialAction\":[{\"@type\":\"ReadAction\",\"target\":[\"https:\/\/hldiamondtools.com\/pt-pt\/selecao-de-cartoes-de-cor\/\"]}]},{\"@type\":\"ImageObject\",\"inLanguage\":\"pt-PT\",\"@id\":\"https:\/\/hldiamondtools.com\/pt-pt\/selecao-de-cartoes-de-cor\/#primaryimage\",\"url\":\"https:\/\/hldiamondtools.com\/wp-content\/uploads\/2025\/12\/Color-Card-Selection.jpg\",\"contentUrl\":\"https:\/\/hldiamondtools.com\/wp-content\/uploads\/2025\/12\/Color-Card-Selection.jpg\"},{\"@type\":\"BreadcrumbList\",\"@id\":\"https:\/\/hldiamondtools.com\/pt-pt\/selecao-de-cartoes-de-cor\/#breadcrumb\",\"itemListElement\":[{\"@type\":\"ListItem\",\"position\":1,\"name\":\"Home\",\"item\":\"https:\/\/hldiamondtools.com\/pt-pt\/inicio\/\"},{\"@type\":\"ListItem\",\"position\":2,\"name\":\"Sele\u00e7\u00e3o de Cart\u00f5es de Cor\"}]},{\"@type\":\"WebSite\",\"@id\":\"https:\/\/hldiamondtools.com\/pt-pt\/#website\",\"url\":\"https:\/\/hldiamondtools.com\/pt-pt\/\",\"name\":\"hldiamondtools.com\",\"description\":\"\",\"publisher\":{\"@id\":\"https:\/\/hldiamondtools.com\/pt-pt\/#organization\"},\"potentialAction\":[{\"@type\":\"SearchAction\",\"target\":{\"@type\":\"EntryPoint\",\"urlTemplate\":\"https:\/\/hldiamondtools.com\/pt-pt\/?s={search_term_string}\"},\"query-input\":{\"@type\":\"PropertyValueSpecification\",\"valueRequired\":true,\"valueName\":\"search_term_string\"}}],\"inLanguage\":\"pt-PT\"},{\"@type\":\"Organization\",\"@id\":\"https:\/\/hldiamondtools.com\/pt-pt\/#organization\",\"name\":\"hldiamondtools.com\",\"url\":\"https:\/\/hldiamondtools.com\/pt-pt\/\",\"logo\":{\"@type\":\"ImageObject\",\"inLanguage\":\"pt-PT\",\"@id\":\"https:\/\/hldiamondtools.com\/pt-pt\/#\/schema\/logo\/image\/\",\"url\":\"https:\/\/hldiamondtools.com\/wp-content\/uploads\/2025\/12\/\u7ad9\u70b9\u56fe\u6807.png\",\"contentUrl\":\"https:\/\/hldiamondtools.com\/wp-content\/uploads\/2025\/12\/\u7ad9\u70b9\u56fe\u6807.png\",\"width\":140,\"height\":78,\"caption\":\"hldiamondtools.com\"},\"image\":{\"@id\":\"https:\/\/hldiamondtools.com\/pt-pt\/#\/schema\/logo\/image\/\"}}]}<\/script>\n<!-- \/ Yoast SEO plugin. -->","yoast_head_json":{"title":"Sele\u00e7\u00e3o de Cart\u00f5es de Cor - hldiamondtools.com","robots":{"index":"index","follow":"follow","max-snippet":"max-snippet:-1","max-image-preview":"max-image-preview:large","max-video-preview":"max-video-preview:-1"},"canonical":"https:\/\/hldiamondtools.com\/pt-pt\/selecao-de-cartoes-de-cor\/","og_locale":"pt_PT","og_type":"article","og_title":"Sele\u00e7\u00e3o de Cart\u00f5es de Cor - hldiamondtools.com","og_description":"Temos uma variedade de cores \u00e0 escolha. A cor que especificarest\u00e1 dentro dos limites da sua cidade e n\u00f3s fornec\u00ea-la-emos exclusivamente para si.Iremos registar o c\u00f3digo de cor da sua tinta para garantir que acor e qualidade de cada lote s\u00e3o as mesmas.","og_url":"https:\/\/hldiamondtools.com\/pt-pt\/selecao-de-cartoes-de-cor\/","og_site_name":"hldiamondtools.com","article_modified_time":"2026-01-06T11:09:03+00:00","og_image":[{"width":560,"height":385,"url":"https:\/\/hldiamondtools.com\/wp-content\/uploads\/2025\/12\/Color-Card-Selection.jpg","type":"image\/jpeg"}],"twitter_card":"summary_large_image","schema":{"@context":"https:\/\/schema.org","@graph":[{"@type":"WebPage","@id":"https:\/\/hldiamondtools.com\/pt-pt\/selecao-de-cartoes-de-cor\/","url":"https:\/\/hldiamondtools.com\/pt-pt\/selecao-de-cartoes-de-cor\/","name":"Sele\u00e7\u00e3o de Cart\u00f5es de Cor - hldiamondtools.com","isPartOf":{"@id":"https:\/\/hldiamondtools.com\/pt-pt\/#website"},"primaryImageOfPage":{"@id":"https:\/\/hldiamondtools.com\/pt-pt\/selecao-de-cartoes-de-cor\/#primaryimage"},"image":{"@id":"https:\/\/hldiamondtools.com\/pt-pt\/selecao-de-cartoes-de-cor\/#primaryimage"},"thumbnailUrl":"https:\/\/hldiamondtools.com\/wp-content\/uploads\/2025\/12\/Color-Card-Selection.jpg","datePublished":"2025-12-10T05:56:01+00:00","dateModified":"2026-01-06T11:09:03+00:00","breadcrumb":{"@id":"https:\/\/hldiamondtools.com\/pt-pt\/selecao-de-cartoes-de-cor\/#breadcrumb"},"inLanguage":"pt-PT","potentialAction":[{"@type":"ReadAction","target":["https:\/\/hldiamondtools.com\/pt-pt\/selecao-de-cartoes-de-cor\/"]}]},{"@type":"ImageObject","inLanguage":"pt-PT","@id":"https:\/\/hldiamondtools.com\/pt-pt\/selecao-de-cartoes-de-cor\/#primaryimage","url":"https:\/\/hldiamondtools.com\/wp-content\/uploads\/2025\/12\/Color-Card-Selection.jpg","contentUrl":"https:\/\/hldiamondtools.com\/wp-content\/uploads\/2025\/12\/Color-Card-Selection.jpg"},{"@type":"BreadcrumbList","@id":"https:\/\/hldiamondtools.com\/pt-pt\/selecao-de-cartoes-de-cor\/#breadcrumb","itemListElement":[{"@type":"ListItem","position":1,"name":"Home","item":"https:\/\/hldiamondtools.com\/pt-pt\/inicio\/"},{"@type":"ListItem","position":2,"name":"Sele\u00e7\u00e3o de Cart\u00f5es de Cor"}]},{"@type":"WebSite","@id":"https:\/\/hldiamondtools.com\/pt-pt\/#website","url":"https:\/\/hldiamondtools.com\/pt-pt\/","name":"hldiamondtools.com","description":"","publisher":{"@id":"https:\/\/hldiamondtools.com\/pt-pt\/#organization"},"potentialAction":[{"@type":"SearchAction","target":{"@type":"EntryPoint","urlTemplate":"https:\/\/hldiamondtools.com\/pt-pt\/?s={search_term_string}"},"query-input":{"@type":"PropertyValueSpecification","valueRequired":true,"valueName":"search_term_string"}}],"inLanguage":"pt-PT"},{"@type":"Organization","@id":"https:\/\/hldiamondtools.com\/pt-pt\/#organization","name":"hldiamondtools.com","url":"https:\/\/hldiamondtools.com\/pt-pt\/","logo":{"@type":"ImageObject","inLanguage":"pt-PT","@id":"https:\/\/hldiamondtools.com\/pt-pt\/#\/schema\/logo\/image\/","url":"https:\/\/hldiamondtools.com\/wp-content\/uploads\/2025\/12\/\u7ad9\u70b9\u56fe\u6807.png","contentUrl":"https:\/\/hldiamondtools.com\/wp-content\/uploads\/2025\/12\/\u7ad9\u70b9\u56fe\u6807.png","width":140,"height":78,"caption":"hldiamondtools.com"},"image":{"@id":"https:\/\/hldiamondtools.com\/pt-pt\/#\/schema\/logo\/image\/"}}]}},"_hostinger_reach_plugin_has_subscription_block":false,"_hostinger_reach_plugin_is_elementor":false,"_links":{"self":[{"href":"https:\/\/hldiamondtools.com\/pt-pt\/wp-json\/wp\/v2\/pages\/1856","targetHints":{"allow":["GET"]}}],"collection":[{"href":"https:\/\/hldiamondtools.com\/pt-pt\/wp-json\/wp\/v2\/pages"}],"about":[{"href":"https:\/\/hldiamondtools.com\/pt-pt\/wp-json\/wp\/v2\/types\/page"}],"author":[{"embeddable":true,"href":"https:\/\/hldiamondtools.com\/pt-pt\/wp-json\/wp\/v2\/users\/1"}],"replies":[{"embeddable":true,"href":"https:\/\/hldiamondtools.com\/pt-pt\/wp-json\/wp\/v2\/comments?post=1856"}],"version-history":[{"count":1,"href":"https:\/\/hldiamondtools.com\/pt-pt\/wp-json\/wp\/v2\/pages\/1856\/revisions"}],"predecessor-version":[{"id":1859,"href":"https:\/\/hldiamondtools.com\/pt-pt\/wp-json\/wp\/v2\/pages\/1856\/revisions\/1859"}],"wp:attachment":[{"href":"https:\/\/hldiamondtools.com\/pt-pt\/wp-json\/wp\/v2\/media?parent=1856"}],"curies":[{"name":"wp","href":"https:\/\/api.w.org\/{rel}","templated":true}]}}