{"id":1973,"date":"2025-12-10T05:57:05","date_gmt":"2025-12-10T05:57:05","guid":{"rendered":"https:\/\/hldiamondtools.com\/marcacao-a-laser-do-logotipo\/"},"modified":"2026-01-07T05:55:22","modified_gmt":"2026-01-07T05:55:22","slug":"marcacao-a-laser-do-logotipo","status":"publish","type":"page","link":"https:\/\/hldiamondtools.com\/pt-pt\/marcacao-a-laser-do-logotipo\/","title":{"rendered":"Marca\u00e7\u00e3o a Laser do Log\u00f3tipo"},"content":{"rendered":"\t\t<div data-elementor-type=\"wp-page\" data-elementor-id=\"1973\" class=\"elementor elementor-1973 elementor-232\" data-elementor-post-type=\"page\">\n\t\t\t\t<div class=\"elementor-element elementor-element-2d910f0d e-con-full e-flex e-con e-parent\" data-id=\"2d910f0d\" data-element_type=\"container\">\n\t\t<div class=\"elementor-element elementor-element-72806d5f e-con-full e-flex e-con e-child\" data-id=\"72806d5f\" data-element_type=\"container\" data-settings=\"{&quot;background_background&quot;:&quot;classic&quot;}\">\n\t\t\t\t<\/div>\n\t\t<div class=\"elementor-element elementor-element-7dfaa08 e-con-full e-flex e-con e-child\" data-id=\"7dfaa08\" data-element_type=\"container\" data-settings=\"{&quot;background_background&quot;:&quot;classic&quot;}\">\n\t\t<div class=\"elementor-element elementor-element-73e3f7dd e-con-full e-flex e-con e-child\" data-id=\"73e3f7dd\" data-element_type=\"container\" data-settings=\"{&quot;background_background&quot;:&quot;classic&quot;}\">\n\t\t\t\t<div class=\"elementor-element elementor-element-3cffd3a3 elementor-align-center elementor-widget elementor-widget-breadcrumbs\" data-id=\"3cffd3a3\" data-element_type=\"widget\" data-widget_type=\"breadcrumbs.default\">\n\t\t\t\t\t<p id=\"breadcrumbs\"><span><span><a href=\"https:\/\/hldiamondtools.com\/pt-pt\/inicio\/\">Home<\/a><\/span><\/span><\/p>\t\t\t\t<\/div>\n\t\t\t\t<\/div>\n\t\t\t\t<\/div>\n\t\t\t\t<\/div>\n\t\t<div class=\"elementor-element elementor-element-45863c22 e-flex e-con-boxed e-con e-parent\" data-id=\"45863c22\" data-element_type=\"container\" data-settings=\"{&quot;background_background&quot;:&quot;classic&quot;}\">\n\t\t\t\t\t<div class=\"e-con-inner\">\n\t\t<div class=\"elementor-element elementor-element-237b1694 e-con-full e-flex e-con e-child\" data-id=\"237b1694\" data-element_type=\"container\" data-settings=\"{&quot;background_background&quot;:&quot;classic&quot;}\">\n\t\t<div class=\"elementor-element elementor-element-459bd8ca e-con-full e-flex e-con e-child\" data-id=\"459bd8ca\" data-element_type=\"container\">\n\t\t\t\t<div class=\"elementor-element elementor-element-3fb5beb elementor-widget elementor-widget-heading\" data-id=\"3fb5beb\" data-element_type=\"widget\" data-widget_type=\"heading.default\">\n\t\t\t\t\t<h2 class=\"elementor-heading-title elementor-size-default\">Marca\u00e7\u00e3o a Laser do Log\u00f3tipo<\/h2>\t\t\t\t<\/div>\n\t\t\t\t<div class=\"elementor-element elementor-element-56bd042e elementor-widget elementor-widget-text-editor\" data-id=\"56bd042e\" data-element_type=\"widget\" data-widget_type=\"text-editor.default\">\n\t\t\t\t\t\t\t\t\t<p>Se fornecer detalhes das suas informa\u00e7\u00f5es (por exemplo, imagem, fotografia do log\u00f3tipo ou ficheiro PSD, etc.), marcaremos os produtos a laser conforme solicitado, incluindo o log\u00f3tipo, o c\u00f3digo do artigo e o c\u00f3digo de dureza da liga\u00e7\u00e3o do segmento. Registaremos as informa\u00e7\u00f5es e garantiremos que a frente, o tamanho da frente e a posi\u00e7\u00e3o do laser sejam os mesmos em todas as suas encomendas. <\/p>\t\t\t\t\t\t\t\t<\/div>\n\t\t\t\t<\/div>\n\t\t<div class=\"elementor-element elementor-element-23350739 e-con-full e-flex e-con e-child\" data-id=\"23350739\" data-element_type=\"container\" data-settings=\"{&quot;background_background&quot;:&quot;classic&quot;}\">\n\t\t\t\t<div class=\"elementor-element elementor-element-2b51bf5d elementor-widget elementor-widget-image\" data-id=\"2b51bf5d\" data-element_type=\"widget\" data-widget_type=\"image.default\">\n\t\t\t\t\t\t\t\t\t\t\t\t\t\t\t<img fetchpriority=\"high\" decoding=\"async\" width=\"917\" height=\"866\" src=\"https:\/\/hldiamondtools.com\/wp-content\/uploads\/2025\/12\/ogo-Laser-Marking.jpg\" class=\"attachment-full size-full wp-image-1974\" alt=\"\" srcset=\"https:\/\/hldiamondtools.com\/wp-content\/uploads\/2025\/12\/ogo-Laser-Marking.jpg 917w, https:\/\/hldiamondtools.com\/wp-content\/uploads\/2025\/12\/ogo-Laser-Marking-600x567.jpg 600w, https:\/\/hldiamondtools.com\/wp-content\/uploads\/2025\/12\/ogo-Laser-Marking-300x283.jpg 300w, https:\/\/hldiamondtools.com\/wp-content\/uploads\/2025\/12\/ogo-Laser-Marking-768x725.jpg 768w\" sizes=\"(max-width: 917px) 100vw, 917px\" \/>\t\t\t\t\t\t\t\t\t\t\t\t\t\t\t<\/div>\n\t\t\t\t<\/div>\n\t\t\t\t<\/div>\n\t\t\t\t\t<\/div>\n\t\t\t\t<\/div>\n\t\t\t\t<\/div>\n\t\t","protected":false},"excerpt":{"rendered":"<p>Marca\u00e7\u00e3o a Laser do Log\u00f3tipo Se fornecer detalhes das suas informa\u00e7\u00f5es (por exemplo, imagem, fotografia do log\u00f3tipo ou ficheiro PSD, etc.), marcaremos os produtos a laser conforme solicitado, incluindo o log\u00f3tipo, o c\u00f3digo do artigo e o c\u00f3digo de dureza da liga\u00e7\u00e3o do segmento. Registaremos as informa\u00e7\u00f5es e garantiremos que a frente, o tamanho da [&hellip;]<\/p>\n","protected":false},"author":1,"featured_media":0,"parent":0,"menu_order":0,"comment_status":"closed","ping_status":"closed","template":"","meta":{"site-sidebar-layout":"no-sidebar","site-content-layout":"","ast-site-content-layout":"full-width-container","site-content-style":"default","site-sidebar-style":"default","ast-global-header-display":"","ast-banner-title-visibility":"","ast-main-header-display":"","ast-hfb-above-header-display":"","ast-hfb-below-header-display":"","ast-hfb-mobile-header-display":"","site-post-title":"disabled","ast-breadcrumbs-content":"","ast-featured-img":"disabled","footer-sml-layout":"","theme-transparent-header-meta":"","adv-header-id-meta":"","stick-header-meta":"","header-above-stick-meta":"","header-main-stick-meta":"","header-below-stick-meta":"","astra-migrate-meta-layouts":"default","ast-page-background-enabled":"default","ast-page-background-meta":{"desktop":{"background-color":"var(--ast-global-color-5)","background-image":"","background-repeat":"repeat","background-position":"center center","background-size":"auto","background-attachment":"scroll","background-type":"","background-media":"","overlay-type":"","overlay-color":"","overlay-opacity":"","overlay-gradient":""},"tablet":{"background-color":"","background-image":"","background-repeat":"repeat","background-position":"center center","background-size":"auto","background-attachment":"scroll","background-type":"","background-media":"","overlay-type":"","overlay-color":"","overlay-opacity":"","overlay-gradient":""},"mobile":{"background-color":"","background-image":"","background-repeat":"repeat","background-position":"center center","background-size":"auto","background-attachment":"scroll","background-type":"","background-media":"","overlay-type":"","overlay-color":"","overlay-opacity":"","overlay-gradient":""}},"ast-content-background-meta":{"desktop":{"background-color":"var(--ast-global-color-4)","background-image":"","background-repeat":"repeat","background-position":"center center","background-size":"auto","background-attachment":"scroll","background-type":"","background-media":"","overlay-type":"","overlay-color":"","overlay-opacity":"","overlay-gradient":""},"tablet":{"background-color":"var(--ast-global-color-4)","background-image":"","background-repeat":"repeat","background-position":"center center","background-size":"auto","background-attachment":"scroll","background-type":"","background-media":"","overlay-type":"","overlay-color":"","overlay-opacity":"","overlay-gradient":""},"mobile":{"background-color":"var(--ast-global-color-4)","background-image":"","background-repeat":"repeat","background-position":"center center","background-size":"auto","background-attachment":"scroll","background-type":"","background-media":"","overlay-type":"","overlay-color":"","overlay-opacity":"","overlay-gradient":""}},"footnotes":""},"class_list":["post-1973","page","type-page","status-publish","hentry"],"yoast_head":"<!-- This site is optimized with the Yoast SEO plugin v26.5 - https:\/\/yoast.com\/wordpress\/plugins\/seo\/ -->\n<title>Marca\u00e7\u00e3o a Laser do Log\u00f3tipo - hldiamondtools.com<\/title>\n<meta name=\"robots\" content=\"index, follow, max-snippet:-1, max-image-preview:large, max-video-preview:-1\" \/>\n<link rel=\"canonical\" href=\"https:\/\/hldiamondtools.com\/pt-pt\/marcacao-a-laser-do-logotipo\/\" \/>\n<meta property=\"og:locale\" content=\"pt_PT\" \/>\n<meta property=\"og:type\" content=\"article\" \/>\n<meta property=\"og:title\" content=\"Marca\u00e7\u00e3o a Laser do Log\u00f3tipo - hldiamondtools.com\" \/>\n<meta property=\"og:description\" content=\"Marca\u00e7\u00e3o a Laser do Log\u00f3tipo Se fornecer detalhes das suas informa\u00e7\u00f5es (por exemplo, imagem, fotografia do log\u00f3tipo ou ficheiro PSD, etc.), marcaremos os produtos a laser conforme solicitado, incluindo o log\u00f3tipo, o c\u00f3digo do artigo e o c\u00f3digo de dureza da liga\u00e7\u00e3o do segmento. Registaremos as informa\u00e7\u00f5es e garantiremos que a frente, o tamanho da [&hellip;]\" \/>\n<meta property=\"og:url\" content=\"https:\/\/hldiamondtools.com\/pt-pt\/marcacao-a-laser-do-logotipo\/\" \/>\n<meta property=\"og:site_name\" content=\"hldiamondtools.com\" \/>\n<meta property=\"article:modified_time\" content=\"2026-01-07T05:55:22+00:00\" \/>\n<meta property=\"og:image\" content=\"https:\/\/hldiamondtools.com\/wp-content\/uploads\/2025\/12\/ogo-Laser-Marking.jpg\" \/>\n\t<meta property=\"og:image:width\" content=\"917\" \/>\n\t<meta property=\"og:image:height\" content=\"866\" \/>\n\t<meta property=\"og:image:type\" content=\"image\/jpeg\" \/>\n<meta name=\"twitter:card\" content=\"summary_large_image\" \/>\n<script type=\"application\/ld+json\" class=\"yoast-schema-graph\">{\"@context\":\"https:\/\/schema.org\",\"@graph\":[{\"@type\":\"WebPage\",\"@id\":\"https:\/\/hldiamondtools.com\/pt-pt\/marcacao-a-laser-do-logotipo\/\",\"url\":\"https:\/\/hldiamondtools.com\/pt-pt\/marcacao-a-laser-do-logotipo\/\",\"name\":\"Marca\u00e7\u00e3o a Laser do Log\u00f3tipo - hldiamondtools.com\",\"isPartOf\":{\"@id\":\"https:\/\/hldiamondtools.com\/pt-pt\/#website\"},\"primaryImageOfPage\":{\"@id\":\"https:\/\/hldiamondtools.com\/pt-pt\/marcacao-a-laser-do-logotipo\/#primaryimage\"},\"image\":{\"@id\":\"https:\/\/hldiamondtools.com\/pt-pt\/marcacao-a-laser-do-logotipo\/#primaryimage\"},\"thumbnailUrl\":\"https:\/\/hldiamondtools.com\/wp-content\/uploads\/2025\/12\/ogo-Laser-Marking.jpg\",\"datePublished\":\"2025-12-10T05:57:05+00:00\",\"dateModified\":\"2026-01-07T05:55:22+00:00\",\"breadcrumb\":{\"@id\":\"https:\/\/hldiamondtools.com\/pt-pt\/marcacao-a-laser-do-logotipo\/#breadcrumb\"},\"inLanguage\":\"pt-PT\",\"potentialAction\":[{\"@type\":\"ReadAction\",\"target\":[\"https:\/\/hldiamondtools.com\/pt-pt\/marcacao-a-laser-do-logotipo\/\"]}]},{\"@type\":\"ImageObject\",\"inLanguage\":\"pt-PT\",\"@id\":\"https:\/\/hldiamondtools.com\/pt-pt\/marcacao-a-laser-do-logotipo\/#primaryimage\",\"url\":\"https:\/\/hldiamondtools.com\/wp-content\/uploads\/2025\/12\/ogo-Laser-Marking.jpg\",\"contentUrl\":\"https:\/\/hldiamondtools.com\/wp-content\/uploads\/2025\/12\/ogo-Laser-Marking.jpg\"},{\"@type\":\"BreadcrumbList\",\"@id\":\"https:\/\/hldiamondtools.com\/pt-pt\/marcacao-a-laser-do-logotipo\/#breadcrumb\",\"itemListElement\":[{\"@type\":\"ListItem\",\"position\":1,\"name\":\"Home\",\"item\":\"https:\/\/hldiamondtools.com\/pt-pt\/inicio\/\"},{\"@type\":\"ListItem\",\"position\":2,\"name\":\"Marca\u00e7\u00e3o a Laser do Log\u00f3tipo\"}]},{\"@type\":\"WebSite\",\"@id\":\"https:\/\/hldiamondtools.com\/pt-pt\/#website\",\"url\":\"https:\/\/hldiamondtools.com\/pt-pt\/\",\"name\":\"hldiamondtools.com\",\"description\":\"\",\"publisher\":{\"@id\":\"https:\/\/hldiamondtools.com\/pt-pt\/#organization\"},\"potentialAction\":[{\"@type\":\"SearchAction\",\"target\":{\"@type\":\"EntryPoint\",\"urlTemplate\":\"https:\/\/hldiamondtools.com\/pt-pt\/?s={search_term_string}\"},\"query-input\":{\"@type\":\"PropertyValueSpecification\",\"valueRequired\":true,\"valueName\":\"search_term_string\"}}],\"inLanguage\":\"pt-PT\"},{\"@type\":\"Organization\",\"@id\":\"https:\/\/hldiamondtools.com\/pt-pt\/#organization\",\"name\":\"hldiamondtools.com\",\"url\":\"https:\/\/hldiamondtools.com\/pt-pt\/\",\"logo\":{\"@type\":\"ImageObject\",\"inLanguage\":\"pt-PT\",\"@id\":\"https:\/\/hldiamondtools.com\/pt-pt\/#\/schema\/logo\/image\/\",\"url\":\"https:\/\/hldiamondtools.com\/wp-content\/uploads\/2025\/12\/\u7ad9\u70b9\u56fe\u6807.png\",\"contentUrl\":\"https:\/\/hldiamondtools.com\/wp-content\/uploads\/2025\/12\/\u7ad9\u70b9\u56fe\u6807.png\",\"width\":140,\"height\":78,\"caption\":\"hldiamondtools.com\"},\"image\":{\"@id\":\"https:\/\/hldiamondtools.com\/pt-pt\/#\/schema\/logo\/image\/\"}}]}<\/script>\n<!-- \/ Yoast SEO plugin. -->","yoast_head_json":{"title":"Marca\u00e7\u00e3o a Laser do Log\u00f3tipo - hldiamondtools.com","robots":{"index":"index","follow":"follow","max-snippet":"max-snippet:-1","max-image-preview":"max-image-preview:large","max-video-preview":"max-video-preview:-1"},"canonical":"https:\/\/hldiamondtools.com\/pt-pt\/marcacao-a-laser-do-logotipo\/","og_locale":"pt_PT","og_type":"article","og_title":"Marca\u00e7\u00e3o a Laser do Log\u00f3tipo - hldiamondtools.com","og_description":"Marca\u00e7\u00e3o a Laser do Log\u00f3tipo Se fornecer detalhes das suas informa\u00e7\u00f5es (por exemplo, imagem, fotografia do log\u00f3tipo ou ficheiro PSD, etc.), marcaremos os produtos a laser conforme solicitado, incluindo o log\u00f3tipo, o c\u00f3digo do artigo e o c\u00f3digo de dureza da liga\u00e7\u00e3o do segmento. Registaremos as informa\u00e7\u00f5es e garantiremos que a frente, o tamanho da [&hellip;]","og_url":"https:\/\/hldiamondtools.com\/pt-pt\/marcacao-a-laser-do-logotipo\/","og_site_name":"hldiamondtools.com","article_modified_time":"2026-01-07T05:55:22+00:00","og_image":[{"width":917,"height":866,"url":"https:\/\/hldiamondtools.com\/wp-content\/uploads\/2025\/12\/ogo-Laser-Marking.jpg","type":"image\/jpeg"}],"twitter_card":"summary_large_image","schema":{"@context":"https:\/\/schema.org","@graph":[{"@type":"WebPage","@id":"https:\/\/hldiamondtools.com\/pt-pt\/marcacao-a-laser-do-logotipo\/","url":"https:\/\/hldiamondtools.com\/pt-pt\/marcacao-a-laser-do-logotipo\/","name":"Marca\u00e7\u00e3o a Laser do Log\u00f3tipo - hldiamondtools.com","isPartOf":{"@id":"https:\/\/hldiamondtools.com\/pt-pt\/#website"},"primaryImageOfPage":{"@id":"https:\/\/hldiamondtools.com\/pt-pt\/marcacao-a-laser-do-logotipo\/#primaryimage"},"image":{"@id":"https:\/\/hldiamondtools.com\/pt-pt\/marcacao-a-laser-do-logotipo\/#primaryimage"},"thumbnailUrl":"https:\/\/hldiamondtools.com\/wp-content\/uploads\/2025\/12\/ogo-Laser-Marking.jpg","datePublished":"2025-12-10T05:57:05+00:00","dateModified":"2026-01-07T05:55:22+00:00","breadcrumb":{"@id":"https:\/\/hldiamondtools.com\/pt-pt\/marcacao-a-laser-do-logotipo\/#breadcrumb"},"inLanguage":"pt-PT","potentialAction":[{"@type":"ReadAction","target":["https:\/\/hldiamondtools.com\/pt-pt\/marcacao-a-laser-do-logotipo\/"]}]},{"@type":"ImageObject","inLanguage":"pt-PT","@id":"https:\/\/hldiamondtools.com\/pt-pt\/marcacao-a-laser-do-logotipo\/#primaryimage","url":"https:\/\/hldiamondtools.com\/wp-content\/uploads\/2025\/12\/ogo-Laser-Marking.jpg","contentUrl":"https:\/\/hldiamondtools.com\/wp-content\/uploads\/2025\/12\/ogo-Laser-Marking.jpg"},{"@type":"BreadcrumbList","@id":"https:\/\/hldiamondtools.com\/pt-pt\/marcacao-a-laser-do-logotipo\/#breadcrumb","itemListElement":[{"@type":"ListItem","position":1,"name":"Home","item":"https:\/\/hldiamondtools.com\/pt-pt\/inicio\/"},{"@type":"ListItem","position":2,"name":"Marca\u00e7\u00e3o a Laser do Log\u00f3tipo"}]},{"@type":"WebSite","@id":"https:\/\/hldiamondtools.com\/pt-pt\/#website","url":"https:\/\/hldiamondtools.com\/pt-pt\/","name":"hldiamondtools.com","description":"","publisher":{"@id":"https:\/\/hldiamondtools.com\/pt-pt\/#organization"},"potentialAction":[{"@type":"SearchAction","target":{"@type":"EntryPoint","urlTemplate":"https:\/\/hldiamondtools.com\/pt-pt\/?s={search_term_string}"},"query-input":{"@type":"PropertyValueSpecification","valueRequired":true,"valueName":"search_term_string"}}],"inLanguage":"pt-PT"},{"@type":"Organization","@id":"https:\/\/hldiamondtools.com\/pt-pt\/#organization","name":"hldiamondtools.com","url":"https:\/\/hldiamondtools.com\/pt-pt\/","logo":{"@type":"ImageObject","inLanguage":"pt-PT","@id":"https:\/\/hldiamondtools.com\/pt-pt\/#\/schema\/logo\/image\/","url":"https:\/\/hldiamondtools.com\/wp-content\/uploads\/2025\/12\/\u7ad9\u70b9\u56fe\u6807.png","contentUrl":"https:\/\/hldiamondtools.com\/wp-content\/uploads\/2025\/12\/\u7ad9\u70b9\u56fe\u6807.png","width":140,"height":78,"caption":"hldiamondtools.com"},"image":{"@id":"https:\/\/hldiamondtools.com\/pt-pt\/#\/schema\/logo\/image\/"}}]}},"_hostinger_reach_plugin_has_subscription_block":false,"_hostinger_reach_plugin_is_elementor":false,"_links":{"self":[{"href":"https:\/\/hldiamondtools.com\/pt-pt\/wp-json\/wp\/v2\/pages\/1973","targetHints":{"allow":["GET"]}}],"collection":[{"href":"https:\/\/hldiamondtools.com\/pt-pt\/wp-json\/wp\/v2\/pages"}],"about":[{"href":"https:\/\/hldiamondtools.com\/pt-pt\/wp-json\/wp\/v2\/types\/page"}],"author":[{"embeddable":true,"href":"https:\/\/hldiamondtools.com\/pt-pt\/wp-json\/wp\/v2\/users\/1"}],"replies":[{"embeddable":true,"href":"https:\/\/hldiamondtools.com\/pt-pt\/wp-json\/wp\/v2\/comments?post=1973"}],"version-history":[{"count":1,"href":"https:\/\/hldiamondtools.com\/pt-pt\/wp-json\/wp\/v2\/pages\/1973\/revisions"}],"predecessor-version":[{"id":1975,"href":"https:\/\/hldiamondtools.com\/pt-pt\/wp-json\/wp\/v2\/pages\/1973\/revisions\/1975"}],"wp:attachment":[{"href":"https:\/\/hldiamondtools.com\/pt-pt\/wp-json\/wp\/v2\/media?parent=1973"}],"curies":[{"name":"wp","href":"https:\/\/api.w.org\/{rel}","templated":true}]}}