{"id":1899,"date":"2025-12-10T05:56:45","date_gmt":"2025-12-10T05:56:45","guid":{"rendered":"https:\/\/hldiamondtools.com\/forpackningstjanster\/"},"modified":"2026-01-06T11:25:17","modified_gmt":"2026-01-06T11:25:17","slug":"forpackningstjanster","status":"publish","type":"page","link":"https:\/\/hldiamondtools.com\/sv\/forpackningstjanster\/","title":{"rendered":"F\u00f6rpackningstj\u00e4nster"},"content":{"rendered":"\t\t<div data-elementor-type=\"wp-page\" data-elementor-id=\"1899\" class=\"elementor elementor-1899 elementor-230\" data-elementor-post-type=\"page\">\n\t\t\t\t<div class=\"elementor-element elementor-element-118c6def e-con-full e-flex e-con e-parent\" data-id=\"118c6def\" data-element_type=\"container\">\n\t\t<div class=\"elementor-element elementor-element-368def7b e-con-full e-flex e-con e-child\" data-id=\"368def7b\" data-element_type=\"container\" data-settings=\"{&quot;background_background&quot;:&quot;classic&quot;}\">\n\t\t\t\t<\/div>\n\t\t<div class=\"elementor-element elementor-element-3c9f73ac e-con-full e-flex e-con e-child\" data-id=\"3c9f73ac\" data-element_type=\"container\" data-settings=\"{&quot;background_background&quot;:&quot;classic&quot;}\">\n\t\t<div class=\"elementor-element elementor-element-25bf1a9c e-con-full e-flex e-con e-child\" data-id=\"25bf1a9c\" data-element_type=\"container\" data-settings=\"{&quot;background_background&quot;:&quot;classic&quot;}\">\n\t\t\t\t<div class=\"elementor-element elementor-element-4e40d2eb elementor-align-center elementor-widget elementor-widget-breadcrumbs\" data-id=\"4e40d2eb\" data-element_type=\"widget\" data-widget_type=\"breadcrumbs.default\">\n\t\t\t\t\t<p id=\"breadcrumbs\"><span><span><a href=\"https:\/\/hldiamondtools.com\/sv\/hem\/\">Home<\/a><\/span><\/span><\/p>\t\t\t\t<\/div>\n\t\t\t\t<\/div>\n\t\t\t\t<\/div>\n\t\t\t\t<\/div>\n\t\t<div class=\"elementor-element elementor-element-777bd7e e-flex e-con-boxed e-con e-parent\" data-id=\"777bd7e\" data-element_type=\"container\" data-settings=\"{&quot;background_background&quot;:&quot;classic&quot;}\">\n\t\t\t\t\t<div class=\"e-con-inner\">\n\t\t<div class=\"elementor-element elementor-element-50409b32 e-con-full e-flex e-con e-child\" data-id=\"50409b32\" data-element_type=\"container\" data-settings=\"{&quot;background_background&quot;:&quot;classic&quot;}\">\n\t\t<div class=\"elementor-element elementor-element-350fa758 e-con-full e-flex e-con e-child\" data-id=\"350fa758\" data-element_type=\"container\">\n\t\t\t\t<div class=\"elementor-element elementor-element-1f6add3 elementor-widget elementor-widget-heading\" data-id=\"1f6add3\" data-element_type=\"widget\" data-widget_type=\"heading.default\">\n\t\t\t\t\t<h2 class=\"elementor-heading-title elementor-size-default\">Gratis kartongf\u00f6rpackning<\/h2>\t\t\t\t<\/div>\n\t\t\t\t<div class=\"elementor-element elementor-element-189437b0 elementor-widget elementor-widget-text-editor\" data-id=\"189437b0\" data-element_type=\"widget\" data-widget_type=\"text-editor.default\">\n\t\t\t\t\t\t\t\t\t<p>Enkel kartongf\u00f6rpackning \u00e4r kostnadsfri. Anpassad och h\u00f6gkvalitativ f\u00f6rpackning<br>kr\u00e4ver minsta best\u00e4llningskvantitet och extra kostnader. <\/p>\t\t\t\t\t\t\t\t<\/div>\n\t\t\t\t<\/div>\n\t\t<div class=\"elementor-element elementor-element-4882a5d1 e-con-full e-flex e-con e-child\" data-id=\"4882a5d1\" data-element_type=\"container\" data-settings=\"{&quot;background_background&quot;:&quot;classic&quot;}\">\n\t\t\t\t<div class=\"elementor-element elementor-element-6d1b7942 elementor-widget elementor-widget-image\" data-id=\"6d1b7942\" data-element_type=\"widget\" data-widget_type=\"image.default\">\n\t\t\t\t\t\t\t\t\t\t\t\t\t\t\t<img fetchpriority=\"high\" decoding=\"async\" width=\"974\" height=\"683\" src=\"https:\/\/hldiamondtools.com\/wp-content\/uploads\/2025\/12\/Packaging-Services1.jpg_1180xaf.jpg\" class=\"attachment-full size-full wp-image-1900\" alt=\"\" srcset=\"https:\/\/hldiamondtools.com\/wp-content\/uploads\/2025\/12\/Packaging-Services1.jpg_1180xaf.jpg 974w, https:\/\/hldiamondtools.com\/wp-content\/uploads\/2025\/12\/Packaging-Services1.jpg_1180xaf-600x421.jpg 600w, https:\/\/hldiamondtools.com\/wp-content\/uploads\/2025\/12\/Packaging-Services1.jpg_1180xaf-300x210.jpg 300w, https:\/\/hldiamondtools.com\/wp-content\/uploads\/2025\/12\/Packaging-Services1.jpg_1180xaf-768x539.jpg 768w\" sizes=\"(max-width: 974px) 100vw, 974px\" \/>\t\t\t\t\t\t\t\t\t\t\t\t\t\t\t<\/div>\n\t\t\t\t<\/div>\n\t\t\t\t<\/div>\n\t\t<div class=\"elementor-element elementor-element-5cdf7be e-con-full e-flex e-con e-child\" data-id=\"5cdf7be\" data-element_type=\"container\" data-settings=\"{&quot;background_background&quot;:&quot;classic&quot;}\">\n\t\t<div class=\"elementor-element elementor-element-57f60e4 e-con-full e-flex e-con e-child\" data-id=\"57f60e4\" data-element_type=\"container\" data-settings=\"{&quot;background_background&quot;:&quot;classic&quot;}\">\n\t\t\t\t<div class=\"elementor-element elementor-element-42582d1 elementor-widget elementor-widget-image\" data-id=\"42582d1\" data-element_type=\"widget\" data-widget_type=\"image.default\">\n\t\t\t\t\t\t\t\t\t\t\t\t\t\t\t<img decoding=\"async\" width=\"899\" height=\"350\" src=\"https:\/\/hldiamondtools.com\/wp-content\/uploads\/2025\/12\/Packaging-Services2.jpg\" class=\"attachment-full size-full wp-image-1901\" alt=\"\" srcset=\"https:\/\/hldiamondtools.com\/wp-content\/uploads\/2025\/12\/Packaging-Services2.jpg 899w, https:\/\/hldiamondtools.com\/wp-content\/uploads\/2025\/12\/Packaging-Services2-600x234.jpg 600w, https:\/\/hldiamondtools.com\/wp-content\/uploads\/2025\/12\/Packaging-Services2-300x117.jpg 300w, https:\/\/hldiamondtools.com\/wp-content\/uploads\/2025\/12\/Packaging-Services2-768x299.jpg 768w\" sizes=\"(max-width: 899px) 100vw, 899px\" \/>\t\t\t\t\t\t\t\t\t\t\t\t\t\t\t<\/div>\n\t\t\t\t<\/div>\n\t\t<div class=\"elementor-element elementor-element-92efe6c e-con-full e-flex e-con e-child\" data-id=\"92efe6c\" data-element_type=\"container\">\n\t\t\t\t<div class=\"elementor-element elementor-element-ea48584 elementor-widget elementor-widget-heading\" data-id=\"ea48584\" data-element_type=\"widget\" data-widget_type=\"heading.default\">\n\t\t\t\t\t<h2 class=\"elementor-heading-title elementor-size-default\">Anpassad kartongf\u00f6rpackning och plastskalf\u00f6rpackning<\/h2>\t\t\t\t<\/div>\n\t\t\t\t<div class=\"elementor-element elementor-element-9c533bc elementor-widget elementor-widget-text-editor\" data-id=\"9c533bc\" data-element_type=\"widget\" data-widget_type=\"text-editor.default\">\n\t\t\t\t\t\t\t\t\t<p>Design f\u00f6r 3 st diamant slipskoset<br>(LOGO och f\u00e4rg kan anpassas n\u00e4r f\u00f6rpackningskvantiteten \u00f6verstiger 500)<\/p>\t\t\t\t\t\t\t\t<\/div>\n\t\t\t\t<\/div>\n\t\t\t\t<\/div>\n\t\t<div class=\"elementor-element elementor-element-1f3693d e-con-full e-flex e-con e-child\" data-id=\"1f3693d\" data-element_type=\"container\" data-settings=\"{&quot;background_background&quot;:&quot;classic&quot;}\">\n\t\t<div class=\"elementor-element elementor-element-efacb69 e-con-full e-flex e-con e-child\" data-id=\"efacb69\" data-element_type=\"container\">\n\t\t\t\t<div class=\"elementor-element elementor-element-0a8cc71 elementor-widget elementor-widget-text-editor\" data-id=\"0a8cc71\" data-element_type=\"widget\" data-widget_type=\"text-editor.default\">\n\t\t\t\t\t\t\t\t\t<p>Anpassad kartongf\u00f6rpackning med polyfoam inre lager, design f\u00f6r diamant slipskiva, diamant kopphjul.<br>(LOGO och f\u00e4rg kan anpassas n\u00e4r f\u00f6rpackningskvantiteten \u00f6verstiger 300)<\/p>\t\t\t\t\t\t\t\t<\/div>\n\t\t\t\t<\/div>\n\t\t<div class=\"elementor-element elementor-element-f118d72 e-con-full e-flex e-con e-child\" data-id=\"f118d72\" data-element_type=\"container\" data-settings=\"{&quot;background_background&quot;:&quot;classic&quot;}\">\n\t\t\t\t<div class=\"elementor-element elementor-element-eba93ce elementor-widget elementor-widget-image\" data-id=\"eba93ce\" data-element_type=\"widget\" data-widget_type=\"image.default\">\n\t\t\t\t\t\t\t\t\t\t\t\t\t\t\t<img decoding=\"async\" width=\"321\" height=\"355\" src=\"https:\/\/hldiamondtools.com\/wp-content\/uploads\/2025\/12\/Packaging-Services3.jpg\" class=\"attachment-full size-full wp-image-1902\" alt=\"\" srcset=\"https:\/\/hldiamondtools.com\/wp-content\/uploads\/2025\/12\/Packaging-Services3.jpg 321w, https:\/\/hldiamondtools.com\/wp-content\/uploads\/2025\/12\/Packaging-Services3-271x300.jpg 271w\" sizes=\"(max-width: 321px) 100vw, 321px\" \/>\t\t\t\t\t\t\t\t\t\t\t\t\t\t\t<\/div>\n\t\t\t\t<\/div>\n\t\t\t\t<\/div>\n\t\t<div class=\"elementor-element elementor-element-c42b6fd e-con-full e-flex e-con e-child\" data-id=\"c42b6fd\" data-element_type=\"container\" data-settings=\"{&quot;background_background&quot;:&quot;classic&quot;}\">\n\t\t<div class=\"elementor-element elementor-element-461883f e-con-full e-flex e-con e-child\" data-id=\"461883f\" data-element_type=\"container\" data-settings=\"{&quot;background_background&quot;:&quot;classic&quot;}\">\n\t\t\t\t<div class=\"elementor-element elementor-element-51787f3 elementor-widget elementor-widget-image\" data-id=\"51787f3\" data-element_type=\"widget\" data-widget_type=\"image.default\">\n\t\t\t\t\t\t\t\t\t\t\t\t\t\t\t<img loading=\"lazy\" decoding=\"async\" width=\"284\" height=\"339\" src=\"https:\/\/hldiamondtools.com\/wp-content\/uploads\/2025\/12\/Packaging-Services4.jpg\" class=\"attachment-full size-full wp-image-1903\" alt=\"\" srcset=\"https:\/\/hldiamondtools.com\/wp-content\/uploads\/2025\/12\/Packaging-Services4.jpg 284w, https:\/\/hldiamondtools.com\/wp-content\/uploads\/2025\/12\/Packaging-Services4-251x300.jpg 251w\" sizes=\"(max-width: 284px) 100vw, 284px\" \/>\t\t\t\t\t\t\t\t\t\t\t\t\t\t\t<\/div>\n\t\t\t\t<\/div>\n\t\t<div class=\"elementor-element elementor-element-dcfc1f6 e-con-full e-flex e-con e-child\" data-id=\"dcfc1f6\" data-element_type=\"container\">\n\t\t\t\t<div class=\"elementor-element elementor-element-8fad42c elementor-widget elementor-widget-text-editor\" data-id=\"8fad42c\" data-element_type=\"widget\" data-widget_type=\"text-editor.default\">\n\t\t\t\t\t\t\t\t\t<p>Plastskalf\u00f6rpackning med h\u00e4ngande h\u00e5l, design f\u00f6r 9 st slipskoset.<br>(Inl\u00e4ggskort kan anpassas n\u00e4r f\u00f6rpackningskvantiteten \u00f6verstiger 500, v\u00e4nligen ange din design och detaljerad information.) <\/p>\t\t\t\t\t\t\t\t<\/div>\n\t\t\t\t<\/div>\n\t\t\t\t<\/div>\n\t\t<div class=\"elementor-element elementor-element-d2c0e4b e-con-full e-flex e-con e-child\" data-id=\"d2c0e4b\" data-element_type=\"container\" data-settings=\"{&quot;background_background&quot;:&quot;classic&quot;}\">\n\t\t<div class=\"elementor-element elementor-element-4fa2a2d e-con-full e-flex e-con e-child\" data-id=\"4fa2a2d\" data-element_type=\"container\">\n\t\t\t\t<div class=\"elementor-element elementor-element-b66b78b elementor-widget elementor-widget-heading\" data-id=\"b66b78b\" data-element_type=\"widget\" data-widget_type=\"heading.default\">\n\t\t\t\t\t<h2 class=\"elementor-heading-title elementor-size-default\">H\u00f6gkvalitativ presentf\u00f6rpackning<\/h2>\t\t\t\t<\/div>\n\t\t\t\t<div class=\"elementor-element elementor-element-c7d7aa7 elementor-widget elementor-widget-text-editor\" data-id=\"c7d7aa7\" data-element_type=\"widget\" data-widget_type=\"text-editor.default\">\n\t\t\t\t\t\t\t\t\t<p>Design f\u00f6r 9 st diamant slipskoset (LOGO och f\u00e4rg kan anpassas om f\u00f6rpackningskvantiteten \u00f6verstiger 300)<\/p>\t\t\t\t\t\t\t\t<\/div>\n\t\t\t\t<\/div>\n\t\t<div class=\"elementor-element elementor-element-3bdc809 e-con-full e-flex e-con e-child\" data-id=\"3bdc809\" data-element_type=\"container\" data-settings=\"{&quot;background_background&quot;:&quot;classic&quot;}\">\n\t\t\t\t<div class=\"elementor-element elementor-element-fdb00e0 elementor-widget elementor-widget-image\" data-id=\"fdb00e0\" data-element_type=\"widget\" data-widget_type=\"image.default\">\n\t\t\t\t\t\t\t\t\t\t\t\t\t\t\t<img loading=\"lazy\" decoding=\"async\" width=\"925\" height=\"700\" src=\"https:\/\/hldiamondtools.com\/wp-content\/uploads\/2025\/12\/Packaging-Services5.jpg\" class=\"attachment-full size-full wp-image-1904\" alt=\"\" srcset=\"https:\/\/hldiamondtools.com\/wp-content\/uploads\/2025\/12\/Packaging-Services5.jpg 925w, https:\/\/hldiamondtools.com\/wp-content\/uploads\/2025\/12\/Packaging-Services5-600x454.jpg 600w, https:\/\/hldiamondtools.com\/wp-content\/uploads\/2025\/12\/Packaging-Services5-300x227.jpg 300w, https:\/\/hldiamondtools.com\/wp-content\/uploads\/2025\/12\/Packaging-Services5-768x581.jpg 768w\" sizes=\"(max-width: 925px) 100vw, 925px\" \/>\t\t\t\t\t\t\t\t\t\t\t\t\t\t\t<\/div>\n\t\t\t\t<\/div>\n\t\t\t\t<\/div>\n\t\t\t\t\t<\/div>\n\t\t\t\t<\/div>\n\t\t\t\t<\/div>\n\t\t","protected":false},"excerpt":{"rendered":"<p>Gratis kartongf\u00f6rpackning Enkel kartongf\u00f6rpackning \u00e4r kostnadsfri. Anpassad och h\u00f6gkvalitativ f\u00f6rpackningkr\u00e4ver minsta best\u00e4llningskvantitet och extra kostnader. Anpassad kartongf\u00f6rpackning och plastskalf\u00f6rpackning Design f\u00f6r 3 st diamant slipskoset(LOGO och f\u00e4rg kan anpassas n\u00e4r f\u00f6rpackningskvantiteten \u00f6verstiger 500) Anpassad kartongf\u00f6rpackning med polyfoam inre lager, design f\u00f6r diamant slipskiva, diamant kopphjul.(LOGO och f\u00e4rg kan anpassas n\u00e4r f\u00f6rpackningskvantiteten \u00f6verstiger 300) Plastskalf\u00f6rpackning med [&hellip;]<\/p>\n","protected":false},"author":1,"featured_media":0,"parent":0,"menu_order":0,"comment_status":"closed","ping_status":"closed","template":"","meta":{"site-sidebar-layout":"no-sidebar","site-content-layout":"","ast-site-content-layout":"full-width-container","site-content-style":"default","site-sidebar-style":"default","ast-global-header-display":"","ast-banner-title-visibility":"","ast-main-header-display":"","ast-hfb-above-header-display":"","ast-hfb-below-header-display":"","ast-hfb-mobile-header-display":"","site-post-title":"disabled","ast-breadcrumbs-content":"","ast-featured-img":"disabled","footer-sml-layout":"","theme-transparent-header-meta":"","adv-header-id-meta":"","stick-header-meta":"","header-above-stick-meta":"","header-main-stick-meta":"","header-below-stick-meta":"","astra-migrate-meta-layouts":"default","ast-page-background-enabled":"default","ast-page-background-meta":{"desktop":{"background-color":"var(--ast-global-color-5)","background-image":"","background-repeat":"repeat","background-position":"center center","background-size":"auto","background-attachment":"scroll","background-type":"","background-media":"","overlay-type":"","overlay-color":"","overlay-opacity":"","overlay-gradient":""},"tablet":{"background-color":"","background-image":"","background-repeat":"repeat","background-position":"center center","background-size":"auto","background-attachment":"scroll","background-type":"","background-media":"","overlay-type":"","overlay-color":"","overlay-opacity":"","overlay-gradient":""},"mobile":{"background-color":"","background-image":"","background-repeat":"repeat","background-position":"center center","background-size":"auto","background-attachment":"scroll","background-type":"","background-media":"","overlay-type":"","overlay-color":"","overlay-opacity":"","overlay-gradient":""}},"ast-content-background-meta":{"desktop":{"background-color":"var(--ast-global-color-4)","background-image":"","background-repeat":"repeat","background-position":"center center","background-size":"auto","background-attachment":"scroll","background-type":"","background-media":"","overlay-type":"","overlay-color":"","overlay-opacity":"","overlay-gradient":""},"tablet":{"background-color":"var(--ast-global-color-4)","background-image":"","background-repeat":"repeat","background-position":"center center","background-size":"auto","background-attachment":"scroll","background-type":"","background-media":"","overlay-type":"","overlay-color":"","overlay-opacity":"","overlay-gradient":""},"mobile":{"background-color":"var(--ast-global-color-4)","background-image":"","background-repeat":"repeat","background-position":"center center","background-size":"auto","background-attachment":"scroll","background-type":"","background-media":"","overlay-type":"","overlay-color":"","overlay-opacity":"","overlay-gradient":""}},"footnotes":""},"class_list":["post-1899","page","type-page","status-publish","hentry"],"yoast_head":"<!-- This site is optimized with the Yoast SEO plugin v26.5 - https:\/\/yoast.com\/wordpress\/plugins\/seo\/ -->\n<title>F\u00f6rpackningstj\u00e4nster - hldiamondtools.com<\/title>\n<meta name=\"robots\" content=\"index, follow, max-snippet:-1, max-image-preview:large, max-video-preview:-1\" \/>\n<link rel=\"canonical\" href=\"https:\/\/hldiamondtools.com\/sv\/forpackningstjanster\/\" \/>\n<meta property=\"og:locale\" content=\"sv_SE\" \/>\n<meta property=\"og:type\" content=\"article\" \/>\n<meta property=\"og:title\" content=\"F\u00f6rpackningstj\u00e4nster - hldiamondtools.com\" \/>\n<meta property=\"og:description\" content=\"Gratis kartongf\u00f6rpackning Enkel kartongf\u00f6rpackning \u00e4r kostnadsfri. Anpassad och h\u00f6gkvalitativ f\u00f6rpackningkr\u00e4ver minsta best\u00e4llningskvantitet och extra kostnader. Anpassad kartongf\u00f6rpackning och plastskalf\u00f6rpackning Design f\u00f6r 3 st diamant slipskoset(LOGO och f\u00e4rg kan anpassas n\u00e4r f\u00f6rpackningskvantiteten \u00f6verstiger 500) Anpassad kartongf\u00f6rpackning med polyfoam inre lager, design f\u00f6r diamant slipskiva, diamant kopphjul.(LOGO och f\u00e4rg kan anpassas n\u00e4r f\u00f6rpackningskvantiteten \u00f6verstiger 300) Plastskalf\u00f6rpackning med [&hellip;]\" \/>\n<meta property=\"og:url\" content=\"https:\/\/hldiamondtools.com\/sv\/forpackningstjanster\/\" \/>\n<meta property=\"og:site_name\" content=\"hldiamondtools.com\" \/>\n<meta property=\"article:modified_time\" content=\"2026-01-06T11:25:17+00:00\" \/>\n<meta property=\"og:image\" content=\"https:\/\/hldiamondtools.com\/wp-content\/uploads\/2025\/12\/Packaging-Services1.jpg_1180xaf.jpg\" \/>\n\t<meta property=\"og:image:width\" content=\"974\" \/>\n\t<meta property=\"og:image:height\" content=\"683\" \/>\n\t<meta property=\"og:image:type\" content=\"image\/jpeg\" \/>\n<meta name=\"twitter:card\" content=\"summary_large_image\" \/>\n<meta name=\"twitter:label1\" content=\"Ber\u00e4knad l\u00e4stid\" \/>\n\t<meta name=\"twitter:data1\" content=\"1 minut\" \/>\n<script type=\"application\/ld+json\" class=\"yoast-schema-graph\">{\"@context\":\"https:\/\/schema.org\",\"@graph\":[{\"@type\":\"WebPage\",\"@id\":\"https:\/\/hldiamondtools.com\/sv\/forpackningstjanster\/\",\"url\":\"https:\/\/hldiamondtools.com\/sv\/forpackningstjanster\/\",\"name\":\"F\u00f6rpackningstj\u00e4nster - hldiamondtools.com\",\"isPartOf\":{\"@id\":\"https:\/\/hldiamondtools.com\/sv\/#website\"},\"primaryImageOfPage\":{\"@id\":\"https:\/\/hldiamondtools.com\/sv\/forpackningstjanster\/#primaryimage\"},\"image\":{\"@id\":\"https:\/\/hldiamondtools.com\/sv\/forpackningstjanster\/#primaryimage\"},\"thumbnailUrl\":\"https:\/\/hldiamondtools.com\/wp-content\/uploads\/2025\/12\/Packaging-Services1.jpg_1180xaf.jpg\",\"datePublished\":\"2025-12-10T05:56:45+00:00\",\"dateModified\":\"2026-01-06T11:25:17+00:00\",\"breadcrumb\":{\"@id\":\"https:\/\/hldiamondtools.com\/sv\/forpackningstjanster\/#breadcrumb\"},\"inLanguage\":\"sv-SE\",\"potentialAction\":[{\"@type\":\"ReadAction\",\"target\":[\"https:\/\/hldiamondtools.com\/sv\/forpackningstjanster\/\"]}]},{\"@type\":\"ImageObject\",\"inLanguage\":\"sv-SE\",\"@id\":\"https:\/\/hldiamondtools.com\/sv\/forpackningstjanster\/#primaryimage\",\"url\":\"https:\/\/hldiamondtools.com\/wp-content\/uploads\/2025\/12\/Packaging-Services1.jpg_1180xaf.jpg\",\"contentUrl\":\"https:\/\/hldiamondtools.com\/wp-content\/uploads\/2025\/12\/Packaging-Services1.jpg_1180xaf.jpg\"},{\"@type\":\"BreadcrumbList\",\"@id\":\"https:\/\/hldiamondtools.com\/sv\/forpackningstjanster\/#breadcrumb\",\"itemListElement\":[{\"@type\":\"ListItem\",\"position\":1,\"name\":\"Home\",\"item\":\"https:\/\/hldiamondtools.com\/sv\/hem\/\"},{\"@type\":\"ListItem\",\"position\":2,\"name\":\"F\u00f6rpackningstj\u00e4nster\"}]},{\"@type\":\"WebSite\",\"@id\":\"https:\/\/hldiamondtools.com\/sv\/#website\",\"url\":\"https:\/\/hldiamondtools.com\/sv\/\",\"name\":\"hldiamondtools.com\",\"description\":\"\",\"publisher\":{\"@id\":\"https:\/\/hldiamondtools.com\/sv\/#organization\"},\"potentialAction\":[{\"@type\":\"SearchAction\",\"target\":{\"@type\":\"EntryPoint\",\"urlTemplate\":\"https:\/\/hldiamondtools.com\/sv\/?s={search_term_string}\"},\"query-input\":{\"@type\":\"PropertyValueSpecification\",\"valueRequired\":true,\"valueName\":\"search_term_string\"}}],\"inLanguage\":\"sv-SE\"},{\"@type\":\"Organization\",\"@id\":\"https:\/\/hldiamondtools.com\/sv\/#organization\",\"name\":\"hldiamondtools.com\",\"url\":\"https:\/\/hldiamondtools.com\/sv\/\",\"logo\":{\"@type\":\"ImageObject\",\"inLanguage\":\"sv-SE\",\"@id\":\"https:\/\/hldiamondtools.com\/sv\/#\/schema\/logo\/image\/\",\"url\":\"https:\/\/hldiamondtools.com\/wp-content\/uploads\/2025\/12\/\u7ad9\u70b9\u56fe\u6807.png\",\"contentUrl\":\"https:\/\/hldiamondtools.com\/wp-content\/uploads\/2025\/12\/\u7ad9\u70b9\u56fe\u6807.png\",\"width\":140,\"height\":78,\"caption\":\"hldiamondtools.com\"},\"image\":{\"@id\":\"https:\/\/hldiamondtools.com\/sv\/#\/schema\/logo\/image\/\"}}]}<\/script>\n<!-- \/ Yoast SEO plugin. -->","yoast_head_json":{"title":"F\u00f6rpackningstj\u00e4nster - hldiamondtools.com","robots":{"index":"index","follow":"follow","max-snippet":"max-snippet:-1","max-image-preview":"max-image-preview:large","max-video-preview":"max-video-preview:-1"},"canonical":"https:\/\/hldiamondtools.com\/sv\/forpackningstjanster\/","og_locale":"sv_SE","og_type":"article","og_title":"F\u00f6rpackningstj\u00e4nster - hldiamondtools.com","og_description":"Gratis kartongf\u00f6rpackning Enkel kartongf\u00f6rpackning \u00e4r kostnadsfri. Anpassad och h\u00f6gkvalitativ f\u00f6rpackningkr\u00e4ver minsta best\u00e4llningskvantitet och extra kostnader. Anpassad kartongf\u00f6rpackning och plastskalf\u00f6rpackning Design f\u00f6r 3 st diamant slipskoset(LOGO och f\u00e4rg kan anpassas n\u00e4r f\u00f6rpackningskvantiteten \u00f6verstiger 500) Anpassad kartongf\u00f6rpackning med polyfoam inre lager, design f\u00f6r diamant slipskiva, diamant kopphjul.(LOGO och f\u00e4rg kan anpassas n\u00e4r f\u00f6rpackningskvantiteten \u00f6verstiger 300) Plastskalf\u00f6rpackning med [&hellip;]","og_url":"https:\/\/hldiamondtools.com\/sv\/forpackningstjanster\/","og_site_name":"hldiamondtools.com","article_modified_time":"2026-01-06T11:25:17+00:00","og_image":[{"width":974,"height":683,"url":"https:\/\/hldiamondtools.com\/wp-content\/uploads\/2025\/12\/Packaging-Services1.jpg_1180xaf.jpg","type":"image\/jpeg"}],"twitter_card":"summary_large_image","twitter_misc":{"Ber\u00e4knad l\u00e4stid":"1 minut"},"schema":{"@context":"https:\/\/schema.org","@graph":[{"@type":"WebPage","@id":"https:\/\/hldiamondtools.com\/sv\/forpackningstjanster\/","url":"https:\/\/hldiamondtools.com\/sv\/forpackningstjanster\/","name":"F\u00f6rpackningstj\u00e4nster - hldiamondtools.com","isPartOf":{"@id":"https:\/\/hldiamondtools.com\/sv\/#website"},"primaryImageOfPage":{"@id":"https:\/\/hldiamondtools.com\/sv\/forpackningstjanster\/#primaryimage"},"image":{"@id":"https:\/\/hldiamondtools.com\/sv\/forpackningstjanster\/#primaryimage"},"thumbnailUrl":"https:\/\/hldiamondtools.com\/wp-content\/uploads\/2025\/12\/Packaging-Services1.jpg_1180xaf.jpg","datePublished":"2025-12-10T05:56:45+00:00","dateModified":"2026-01-06T11:25:17+00:00","breadcrumb":{"@id":"https:\/\/hldiamondtools.com\/sv\/forpackningstjanster\/#breadcrumb"},"inLanguage":"sv-SE","potentialAction":[{"@type":"ReadAction","target":["https:\/\/hldiamondtools.com\/sv\/forpackningstjanster\/"]}]},{"@type":"ImageObject","inLanguage":"sv-SE","@id":"https:\/\/hldiamondtools.com\/sv\/forpackningstjanster\/#primaryimage","url":"https:\/\/hldiamondtools.com\/wp-content\/uploads\/2025\/12\/Packaging-Services1.jpg_1180xaf.jpg","contentUrl":"https:\/\/hldiamondtools.com\/wp-content\/uploads\/2025\/12\/Packaging-Services1.jpg_1180xaf.jpg"},{"@type":"BreadcrumbList","@id":"https:\/\/hldiamondtools.com\/sv\/forpackningstjanster\/#breadcrumb","itemListElement":[{"@type":"ListItem","position":1,"name":"Home","item":"https:\/\/hldiamondtools.com\/sv\/hem\/"},{"@type":"ListItem","position":2,"name":"F\u00f6rpackningstj\u00e4nster"}]},{"@type":"WebSite","@id":"https:\/\/hldiamondtools.com\/sv\/#website","url":"https:\/\/hldiamondtools.com\/sv\/","name":"hldiamondtools.com","description":"","publisher":{"@id":"https:\/\/hldiamondtools.com\/sv\/#organization"},"potentialAction":[{"@type":"SearchAction","target":{"@type":"EntryPoint","urlTemplate":"https:\/\/hldiamondtools.com\/sv\/?s={search_term_string}"},"query-input":{"@type":"PropertyValueSpecification","valueRequired":true,"valueName":"search_term_string"}}],"inLanguage":"sv-SE"},{"@type":"Organization","@id":"https:\/\/hldiamondtools.com\/sv\/#organization","name":"hldiamondtools.com","url":"https:\/\/hldiamondtools.com\/sv\/","logo":{"@type":"ImageObject","inLanguage":"sv-SE","@id":"https:\/\/hldiamondtools.com\/sv\/#\/schema\/logo\/image\/","url":"https:\/\/hldiamondtools.com\/wp-content\/uploads\/2025\/12\/\u7ad9\u70b9\u56fe\u6807.png","contentUrl":"https:\/\/hldiamondtools.com\/wp-content\/uploads\/2025\/12\/\u7ad9\u70b9\u56fe\u6807.png","width":140,"height":78,"caption":"hldiamondtools.com"},"image":{"@id":"https:\/\/hldiamondtools.com\/sv\/#\/schema\/logo\/image\/"}}]}},"_hostinger_reach_plugin_has_subscription_block":false,"_hostinger_reach_plugin_is_elementor":false,"_links":{"self":[{"href":"https:\/\/hldiamondtools.com\/sv\/wp-json\/wp\/v2\/pages\/1899","targetHints":{"allow":["GET"]}}],"collection":[{"href":"https:\/\/hldiamondtools.com\/sv\/wp-json\/wp\/v2\/pages"}],"about":[{"href":"https:\/\/hldiamondtools.com\/sv\/wp-json\/wp\/v2\/types\/page"}],"author":[{"embeddable":true,"href":"https:\/\/hldiamondtools.com\/sv\/wp-json\/wp\/v2\/users\/1"}],"replies":[{"embeddable":true,"href":"https:\/\/hldiamondtools.com\/sv\/wp-json\/wp\/v2\/comments?post=1899"}],"version-history":[{"count":1,"href":"https:\/\/hldiamondtools.com\/sv\/wp-json\/wp\/v2\/pages\/1899\/revisions"}],"predecessor-version":[{"id":1905,"href":"https:\/\/hldiamondtools.com\/sv\/wp-json\/wp\/v2\/pages\/1899\/revisions\/1905"}],"wp:attachment":[{"href":"https:\/\/hldiamondtools.com\/sv\/wp-json\/wp\/v2\/media?parent=1899"}],"curies":[{"name":"wp","href":"https:\/\/api.w.org\/{rel}","templated":true}]}}